{"id":23947446,"date":"2024-08-21T07:29:23","date_gmt":"2024-08-21T07:29:23","guid":{"rendered":"https:\/\/luckyactivegames.com\/about\/"},"modified":"2025-12-16T02:21:10","modified_gmt":"2025-12-16T02:21:10","slug":"about","status":"publish","type":"page","link":"https:\/\/luckyactivegames.com\/de\/about\/","title":{"rendered":"About"},"content":{"rendered":"<p>[et_pb_section fb_built=&#8220;1&#8243; _builder_version=&#8220;4.27.4&#8243; _module_preset=&#8220;default&#8220; background_color=&#8220;#606060&#8243; background_image=&#8220;http:\/\/luckyactivegames.com\/wp-content\/uploads\/2025\/06\/contact-ban\u65e0\u5b57.png&#8220; background_blend=&#8220;overlay&#8220; min_height=&#8220;450px&#8220; min_height_tablet=&#8220;423px&#8220; min_height_phone=&#8220;190px&#8220; min_height_last_edited=&#8220;on|phone&#8220; custom_padding=&#8220;||0px|||&#8220; background_last_edited=&#8220;on|phone&#8220; background_size_phone=&#8220;cover&#8220; global_colors_info=&#8220;{}&#8220;][et_pb_row custom_padding_last_edited=&#8220;on|phone&#8220; _builder_version=&#8220;4.27.0&#8243; _module_preset=&#8220;4fcafc99-9200-4fbd-a185-f8a0977c741b&#8220; custom_padding=&#8220;126px||0px|||&#8220; custom_padding_tablet=&#8220;126px||0px|||&#8220; custom_padding_phone=&#8220;16px||0px||false|false&#8220; global_colors_info=&#8220;{}&#8220;][et_pb_column type=&#8220;4_4&#8243; _builder_version=&#8220;4.27.0&#8243; _module_preset=&#8220;default&#8220; global_colors_info=&#8220;{}&#8220;][et_pb_heading title=&#8220;KONTAKTIEREN SIE UNS&#8220; _builder_version=&#8220;4.27.0&#8243; _module_preset=&#8220;9ea431a4-47e8-4320-a620-aa11b438f21e&#8220; title_text_color=&#8220;#FFFFFF&#8220; title_font_size=&#8220;65px&#8220; custom_margin_phone=&#8220;||0px||false|false&#8220; title_font_size_phone=&#8220;31px&#8220; title_text_shadow_style=&#8220;preset3&#8243; global_colors_info=&#8220;{}&#8220;][\/et_pb_heading][\/et_pb_column][\/et_pb_row][\/et_pb_section][et_pb_section fb_built=&#8220;1&#8243; custom_padding_last_edited=&#8220;on|phone&#8220; admin_label=&#8220;Contact&#8220; _builder_version=&#8220;4.27.2&#8243; _module_preset=&#8220;default&#8220; background_enable_color=&#8220;off&#8220; min_height=&#8220;201.4px&#8220; custom_padding=&#8220;45px||25px|||&#8220; custom_padding_tablet=&#8220;45px||25px|||&#8220; custom_padding_phone=&#8220;||0px||false|false&#8220; locked=&#8220;off&#8220; global_colors_info=&#8220;{%22gcid-b6c4f12c-f25d-4f61-9fb1-6e96404634cd%22:%91%22background_color%22%93}&#8220;][et_pb_row column_structure=&#8220;1_2,1_2&#8243; _builder_version=&#8220;4.27.4&#8243; _module_preset=&#8220;ac7304e7-d236-4b11-9bc8-5655d6d2f666&#8243; width_tablet=&#8220;95%&#8220; custom_margin=&#8220;15px|auto|18px|auto||&#8220; custom_padding=&#8220;12px|||||&#8220; global_colors_info=&#8220;{}&#8220;][et_pb_column type=&#8220;1_2&#8243; _builder_version=&#8220;4.25.2&#8243; _module_preset=&#8220;default&#8220; global_colors_info=&#8220;{}&#8220;][et_pb_heading title=&#8220;\u00dcber Lucky Active Game&#8220; _builder_version=&#8220;4.27.4&#8243; _module_preset=&#8220;default&#8220; title_text_align=&#8220;center&#8220; custom_margin=&#8220;||19px|||&#8220; title_font_size_phone=&#8220;22px&#8220; global_colors_info=&#8220;{}&#8220;][\/et_pb_heading][et_pb_text _builder_version=&#8220;4.27.4&#8243; _module_preset=&#8220;default&#8220; text_font_size=&#8220;17px&#8220; custom_margin=&#8220;||2%||false|false&#8220; custom_margin_tablet=&#8220;||2%||false|false&#8220; custom_margin_phone=&#8220;||2%||false|false&#8220; custom_margin_last_edited=&#8220;on|desktop&#8220; text_font_size_phone=&#8220;17px&#8220; global_colors_info=&#8220;{}&#8220;]<\/p>\n<p style=\"text-align: left;\">Lucky Active Game wurde im Jahr 2012 gegr\u00fcndet und betreibt derzeit drei Fabriken. Wir sind auf die Produktion interaktiver Spiele und LED dance floors spezialisiert und gelten als f\u00fchrender Originalhersteller in der globalen Branche f\u00fcr interaktive Spiele. Wir setzen uns f\u00fcr die Lieferung hochwertiger Produkte ein, bieten kostenlose Layout-Design-Services und personalisierte Anpassungen basierend auf Ihren gesch\u00e4ftlichen Anforderungen.  <\/p>\n<p style=\"text-align: left;\">Unsere regul\u00e4re Produktionszeit betr\u00e4gt etwa 7\u201310 Tage. Beim Versand bieten wir flexible Logistikoptionen wie Bahn- und Seefracht. Wir nehmen regelm\u00e4\u00dfig an Fachmessen teil und hei\u00dfen Kunden herzlich willkommen, unsere Fabriken zur Vor-Ort-Besichtigung zu besuchen.  <\/p>\n<p style=\"text-align: left;\">[\/et_pb_text][et_pb_blurb title=&#8220;Email&#8220; use_icon=&#8220;on&#8220; font_icon=&#8220;&#xf658;||fa||900&#8243; _builder_version=&#8220;4.27.4&#8243; _module_preset=&#8220;be17044c-0df3-44e3-bbf6-73ad0464f4d9&#8243; header_level=&#8220;h3&#8243; header_font=&#8220;&#8211;et_global_heading_font||||||||&#8220; body_font_size=&#8220;16px&#8220; custom_margin=&#8220;9px||||false|false&#8220; custom_padding=&#8220;28px||||false|false&#8220; header_font_size_phone=&#8220;20px&#8220; global_colors_info=&#8220;{}&#8220;]<\/p>\n<p><span style=\"color: #000000;\">Kat:<\/span> <a href=\"mailto:sales1@luckydancefloor.com\">sales1@luckydancefloor.com<\/a><\/p>\n<p><span style=\"color: #000000;\">Kelly:<\/span><a href=\"mailto:support@luckydancefloor.com\"> support@luckydancefloor.com<\/a><\/p>\n<p><span style=\"color: #000000;\">Jane:<\/span> <a href=\"mailto:Jane@luckydancefloor.com\">Jane@luckydancefloor.com<\/a><\/p>\n<p>[\/et_pb_blurb][\/et_pb_column][et_pb_column type=&#8220;1_2&#8243; _builder_version=&#8220;4.27.4&#8243; _module_preset=&#8220;ca9f0790-bf35-4f0d-a228-1f1dd89fda1b&#8220; global_colors_info=&#8220;{}&#8220;][et_pb_video src=&#8220;https:\/\/youtu.be\/94VcnnkUR-0&#8243; _builder_version=&#8220;4.27.4&#8243; _module_preset=&#8220;default&#8220; width=&#8220;100%&#8220; module_alignment=&#8220;center&#8220; custom_margin=&#8220;||||false|false&#8220; custom_padding=&#8220;||||false|false&#8220; custom_padding_tablet=&#8220;||||false|false&#8220; custom_padding_phone=&#8220;||||false|false&#8220; custom_padding_last_edited=&#8220;on|phone&#8220; hover_enabled=&#8220;0&#8243; global_colors_info=&#8220;{}&#8220; sticky_enabled=&#8220;0&#8243;][\/et_pb_video][\/et_pb_column][\/et_pb_row][\/et_pb_section][et_pb_section fb_built=&#8220;1&#8243; custom_padding_last_edited=&#8220;on|phone&#8220; admin_label=&#8220;04&#8243; _builder_version=&#8220;4.27.4&#8243; _module_preset=&#8220;default&#8220; background_color=&#8220;#f4f4f4&#8243; custom_padding_tablet=&#8220;&#8220; custom_padding_phone=&#8220;||5%||false|false&#8220; collapsed=&#8220;on&#8220; global_colors_info=&#8220;{}&#8220;][et_pb_row _builder_version=&#8220;4.27.4&#8243; _module_preset=&#8220;default&#8220; width=&#8220;65%&#8220; module_alignment=&#8220;center&#8220; global_colors_info=&#8220;{}&#8220;][et_pb_column type=&#8220;4_4&#8243; _builder_version=&#8220;4.18.0&#8243; _module_preset=&#8220;default&#8220; global_colors_info=&#8220;{}&#8220;][et_pb_blurb title=&#8220;Produktion &amp; t\u00e4glicher Betrieb&#8220; content_tablet=&#8220;<\/p>\n<p style=%22text-align: center;%22><span style=%22color: #000000;%22>Transparenz ist der Schl\u00fcssel zu Vertrauen. Hier sehen Sie echte Fotos unseres Teams, der Werkst\u00e4tten, der Auslieferungen und der Besuche von Partnern aus aller Welt.  <\/span><\/p>\n<p>&#8220; content_phone=&#8220;<\/p>\n<p style=%22text-align: left;%22><span style=%22color: #000000;%22>Transparenz ist der Schl\u00fcssel zu Vertrauen. Hier sehen Sie echte Fotos unseres Teams, der Werkst\u00e4tten, der Auslieferungen und der Besuche von Partnern aus aller Welt.  <\/span><\/p>\n<p>&#8220; content_last_edited=&#8220;off|desktop&#8220; _builder_version=&#8220;4.27.4&#8243; _module_preset=&#8220;default&#8220; header_level=&#8220;h2&#8243; header_text_color=&#8220;#0a0a0a&#8220; header_font_size=&#8220;25px&#8220; header_line_height=&#8220;48px&#8220; body_text_align=&#8220;center&#8220; body_font_size=&#8220;20px&#8220; body_line_height=&#8220;28px&#8220; text_orientation=&#8220;center&#8220; module_alignment=&#8220;center&#8220; header_font_size_tablet=&#8220;34px&#8220; header_font_size_phone=&#8220;20px&#8220; header_font_size_last_edited=&#8220;on|tablet&#8220; header_line_height_tablet=&#8220;42px&#8220; header_line_height_phone=&#8220;36px&#8220; header_line_height_last_edited=&#8220;on|tablet&#8220; body_font_size_tablet=&#8220;17px&#8220; body_font_size_phone=&#8220;16px&#8220; body_font_size_last_edited=&#8220;on|tablet&#8220; body_line_height_tablet=&#8220;27px&#8220; body_line_height_phone=&#8220;26px&#8220; body_line_height_last_edited=&#8220;on|tablet&#8220; locked=&#8220;off&#8220; global_colors_info=&#8220;{}&#8220;]<\/p>\n<p style=\"text-align: center;\"><span style=\"color: #000000;\">Transparenz ist der Schl\u00fcssel zu Vertrauen. Hier sehen Sie echte Fotos unseres Teams, der Werkst\u00e4tten, der Auslieferungen und der Besuche von Partnern aus aller Welt.  <\/span><\/p>\n<p>[\/et_pb_blurb][difl_imagecarousel item_mobile=&#8220;2&#8243; item_spacing=&#8220;50px&#8220; loop=&#8220;on&#8220; autoplay=&#8220;on&#8220; pause_hover=&#8220;on&#8220; dots=&#8220;on&#8220; arrow_prev_margin_phone=&#8220;||10px||false|false&#8220; arrow_prev_margin_last_edited=&#8220;off|desktop&#8220; arrow_prev_padding_phone=&#8220;||3px||false|false&#8220; arrow_prev_padding_last_edited=&#8220;off|desktop&#8220; arrow_next_padding_tablet=&#8220;0px|0px|3px|0px|false|false&#8220; arrow_next_padding_phone=&#8220;0px|0px|3px|0px|false|false&#8220; arrow_next_padding_last_edited=&#8220;off|desktop&#8220; dots_color=&#8220;#949494&#8243; active_dots_color=&#8220;#1A1A1A&#8220; wrapper_padding=&#8220;||24px||false|false&#8220; item_spacing_tablet=&#8220;&#8220; item_spacing_phone=&#8220;15px&#8220; item_spacing_last_edited=&#8220;on|phone&#8220; arrow_position_phone=&#8220;top&#8220; arrow_position_last_edited=&#8220;off|desktop&#8220; arrow_align_phone=&#8220;center&#8220; arrow_align_last_edited=&#8220;off|desktop&#8220; _builder_version=&#8220;4.27.4&#8243; _module_preset=&#8220;default&#8220; border_radii=&#8220;on|5px|5px|5px|5px&#8220; box_shadow_style=&#8220;preset1&#8243; box_shadow_color=&#8220;rgba(0,0,0,0.21)&#8220; locked=&#8220;off&#8220; global_colors_info=&#8220;{}&#8220; arrow_prev_margin__hover_enabled=&#8220;off|desktop&#8220; arrow_prev_margin__hover=&#8220;|||-60px|false|false&#8220; arrow_next_margin__hover_enabled=&#8220;off|desktop&#8220; arrow_next_margin__hover=&#8220;|-60px|||false|false&#8220; arrow_opacity__hover_enabled=&#8220;off|desktop&#8220; arrow_opacity__hover=&#8220;1&#8243;][difl_imagecarouselitem image=&#8220;http:\/\/luckyactivegames.com\/wp-content\/uploads\/2025\/06\/Production-Daily-Operations-4.jpg&#8220; alt_text=&#8220;Arbeiter montieren geh\u00e4rtete Glasscheiben f\u00fcr Mega Grid&#8220; ic_button_button_url_new_window=&#8220;1&#8243; _builder_version=&#8220;4.27.4&#8243; _module_preset=&#8220;default&#8220; global_colors_info=&#8220;{}&#8220;][\/difl_imagecarouselitem][difl_imagecarouselitem image=&#8220;http:\/\/luckyactivegames.com\/wp-content\/uploads\/2025\/06\/Production-Daily-Operations-8-scaled.jpg&#8220; alt_text=&#8220;Mega Grid m\u00fcnzbetriebenes Ger\u00e4t&#8220; ic_button_button_url_new_window=&#8220;1&#8243; _builder_version=&#8220;4.27.4&#8243; _module_preset=&#8220;default&#8220; global_colors_info=&#8220;{}&#8220;][\/difl_imagecarouselitem][difl_imagecarouselitem image=&#8220;http:\/\/luckyactivegames.com\/wp-content\/uploads\/2025\/06\/Production-Daily-Operations-2.jpg&#8220; alt_text=&#8220;Verpackungs- und Versandbereich der Lucky Active Games Fabrik&#8220; ic_button_button_url_new_window=&#8220;1&#8243; _builder_version=&#8220;4.27.4&#8243; _module_preset=&#8220;default&#8220; global_colors_info=&#8220;{}&#8220;][\/difl_imagecarouselitem][difl_imagecarouselitem admin_label=&#8220;4&#8243; image=&#8220;http:\/\/luckyactivegames.com\/wp-content\/uploads\/2025\/06\/Production-Daily-Operations-5.jpg&#8220; alt_text=&#8220;Arbeiter bauen Mega Grid in der Werkstatt zusammen&#8220; ic_button_button_url_new_window=&#8220;1&#8243; _builder_version=&#8220;4.27.4&#8243; _module_preset=&#8220;default&#8220; global_colors_info=&#8220;{}&#8220;][\/difl_imagecarouselitem][difl_imagecarouselitem admin_label=&#8220;8&#8243; image=&#8220;http:\/\/luckyactivegames.com\/wp-content\/uploads\/2025\/06\/Production-Daily-Operations-10-scaled.jpg&#8220; alt_text=&#8220;Teilnahme an einer LED-Beleuchtungsmesse zum Aufbau eines LED dance floor&#8220; ic_button_button_url_new_window=&#8220;1&#8243; _builder_version=&#8220;4.27.4&#8243; _module_preset=&#8220;default&#8220; global_colors_info=&#8220;{}&#8220;][\/difl_imagecarouselitem][difl_imagecarouselitem image=&#8220;http:\/\/luckyactivegames.com\/wp-content\/uploads\/2025\/06\/Production-Daily-Operations-3.jpg&#8220; alt_text=&#8220;Kunden besuchten die Fabrik, um den Ausstellungsraum zu besichtigen, und das Personal stellte den LED dance floor vor&#8220; ic_button_button_url_new_window=&#8220;1&#8243; _builder_version=&#8220;4.27.4&#8243; _module_preset=&#8220;default&#8220; global_colors_info=&#8220;{}&#8220;][\/difl_imagecarouselitem][difl_imagecarouselitem image=&#8220;http:\/\/luckyactivegames.com\/wp-content\/uploads\/2025\/06\/Production-Daily-Operations-6.jpg&#8220; alt_text=&#8220;4 verschiedene Stile von LED dance floor-Verbindungen&#8220; ic_button_button_url_new_window=&#8220;1&#8243; _builder_version=&#8220;4.27.4&#8243; _module_preset=&#8220;default&#8220; global_colors_info=&#8220;{}&#8220;][\/difl_imagecarouselitem][difl_imagecarouselitem image=&#8220;http:\/\/luckyactivegames.com\/wp-content\/uploads\/2025\/06\/Production-Daily-Operations-9-scaled.jpg&#8220; alt_text=&#8220;Kunden kommen in die Fabrik, um den Bestell- und Kaufplan zu best\u00e4tigen&#8220; ic_button_button_url_new_window=&#8220;1&#8243; _builder_version=&#8220;4.27.4&#8243; _module_preset=&#8220;default&#8220; global_colors_info=&#8220;{}&#8220;][\/difl_imagecarouselitem][difl_imagecarouselitem image=&#8220;http:\/\/luckyactivegames.com\/wp-content\/uploads\/2025\/06\/Production-Daily-Operations-11-scaled.jpg&#8220; alt_text=&#8220;SUV-Limousine demonstriert ihre hervorragende Tragf\u00e4higkeit auf dem LED dance floor&#8220; ic_button_button_url_new_window=&#8220;1&#8243; _builder_version=&#8220;4.27.4&#8243; _module_preset=&#8220;default&#8220; global_colors_info=&#8220;{}&#8220;][\/difl_imagecarouselitem][difl_imagecarouselitem image=&#8220;http:\/\/luckyactivegames.com\/wp-content\/uploads\/2025\/06\/Production-Daily-Operations-12.jpg&#8220; alt_text=&#8220;Werkstatttest des Pipe Ball Spielger\u00e4ts&#8220; ic_button_button_url_new_window=&#8220;1&#8243; _builder_version=&#8220;4.27.4&#8243; _module_preset=&#8220;default&#8220; global_colors_info=&#8220;{}&#8220;][\/difl_imagecarouselitem][difl_imagecarouselitem admin_label=&#8220;10&#8243; image=&#8220;http:\/\/luckyactivegames.com\/wp-content\/uploads\/2025\/06\/Production-Daily-Operations-1.jpg&#8220; alt_text=&#8220;Arbeiter verpacken den LED dance floor f\u00fcr den Versand&#8220; ic_button_button_url_new_window=&#8220;1&#8243; _builder_version=&#8220;4.27.4&#8243; _module_preset=&#8220;default&#8220; global_colors_info=&#8220;{}&#8220;][\/difl_imagecarouselitem][difl_imagecarouselitem image=&#8220;http:\/\/luckyactivegames.com\/wp-content\/uploads\/2025\/06\/Production-Daily-Operations-13.jpg&#8220; alt_text=&#8220;Laserschie\u00dfspiel kombiniert mit LED dance floor&#8220; ic_button_button_url_new_window=&#8220;1&#8243; _builder_version=&#8220;4.27.4&#8243; _module_preset=&#8220;default&#8220; global_colors_info=&#8220;{}&#8220;][\/difl_imagecarouselitem][\/difl_imagecarousel][\/et_pb_column][\/et_pb_row][\/et_pb_section][et_pb_section fb_built=&#8220;1&#8243; _builder_version=&#8220;4.27.4&#8243; _module_preset=&#8220;default&#8220; background_color=&#8220;#ffffff&#8220; global_colors_info=&#8220;{}&#8220;][et_pb_row _builder_version=&#8220;4.27.4&#8243; _module_preset=&#8220;default&#8220; global_colors_info=&#8220;{}&#8220;][et_pb_column type=&#8220;4_4&#8243; _builder_version=&#8220;4.27.4&#8243; _module_preset=&#8220;default&#8220; global_colors_info=&#8220;{}&#8220;][et_pb_code _builder_version=&#8220;4.27.4&#8243; _module_preset=&#8220;default&#8220; text_orientation=&#8220;center&#8220; module_alignment=&#8220;center&#8220; global_colors_info=&#8220;{}&#8220;]<iframe src=\"https:\/\/www.google.com\/maps\/embed?pb=!1m18!1m12!1m3!1d3085.272292848118!2d113.21717060923059!3d23.132660468748693!2m3!1f0!2f0!3f0!3m2!1i1024!2i768!4f13.1!3m3!1m2!1s0x3402f840d934610b%3A0x1f77979db6f7487e!2z5bm_5Lic5YWJ55S156eR5oqA5Lqn5Lia5Z-65ZywM0Hlj7fmpbw!5e0!3m2!1szh-CN!2sde!4v1724079158398!5m2!1szh-CN!2sde\" width=\"1500\" height=\"600\" style=\"border:0;\" allowfullscreen=\"\" loading=\"lazy\" referrerpolicy=\"no-referrer-when-downgrade\"><\/iframe>[\/et_pb_code][\/et_pb_column][\/et_pb_row][\/et_pb_section]<\/p>\n","protected":false},"excerpt":{"rendered":"<p>Lucky Active Game wurde im Jahr 2012 gegr\u00fcndet und betreibt derzeit drei Fabriken. Wir sind auf die Produktion interaktiver Spiele und LED dance floors spezialisiert und gelten als f\u00fchrender Originalhersteller in der globalen Branche f\u00fcr interaktive Spiele. Wir setzen uns f\u00fcr die Lieferung hochwertiger Produkte ein, bieten kostenlose Layout-Design-Services und personalisierte Anpassungen basierend auf Ihren [&hellip;]<\/p>\n","protected":false},"author":1,"featured_media":0,"parent":0,"menu_order":0,"comment_status":"closed","ping_status":"closed","template":"","meta":{"_et_pb_use_builder":"on","_et_pb_old_content":"","_et_gb_content_width":"","footnotes":""},"dipi_cpt_category":[],"difl_page_category":[],"class_list":["post-23947446","page","type-page","status-publish","hentry"],"_links":{"self":[{"href":"https:\/\/luckyactivegames.com\/de\/wp-json\/wp\/v2\/pages\/23947446","targetHints":{"allow":["GET"]}}],"collection":[{"href":"https:\/\/luckyactivegames.com\/de\/wp-json\/wp\/v2\/pages"}],"about":[{"href":"https:\/\/luckyactivegames.com\/de\/wp-json\/wp\/v2\/types\/page"}],"author":[{"embeddable":true,"href":"https:\/\/luckyactivegames.com\/de\/wp-json\/wp\/v2\/users\/1"}],"replies":[{"embeddable":true,"href":"https:\/\/luckyactivegames.com\/de\/wp-json\/wp\/v2\/comments?post=23947446"}],"version-history":[{"count":8,"href":"https:\/\/luckyactivegames.com\/de\/wp-json\/wp\/v2\/pages\/23947446\/revisions"}],"predecessor-version":[{"id":23949550,"href":"https:\/\/luckyactivegames.com\/de\/wp-json\/wp\/v2\/pages\/23947446\/revisions\/23949550"}],"wp:attachment":[{"href":"https:\/\/luckyactivegames.com\/de\/wp-json\/wp\/v2\/media?parent=23947446"}],"wp:term":[{"taxonomy":"dipi_cpt_category","embeddable":true,"href":"https:\/\/luckyactivegames.com\/de\/wp-json\/wp\/v2\/dipi_cpt_category?post=23947446"},{"taxonomy":"difl_page_category","embeddable":true,"href":"https:\/\/luckyactivegames.com\/de\/wp-json\/wp\/v2\/difl_page_category?post=23947446"}],"curies":[{"name":"wp","href":"https:\/\/api.w.org\/{rel}","templated":true}]}}