{"id":23947049,"date":"2024-08-21T07:29:23","date_gmt":"2024-08-21T07:29:23","guid":{"rendered":"https:\/\/luckyactivegames.com\/about\/"},"modified":"2025-12-16T02:21:18","modified_gmt":"2025-12-16T02:21:18","slug":"about","status":"publish","type":"page","link":"https:\/\/luckyactivegames.com\/es\/about\/","title":{"rendered":"About"},"content":{"rendered":"<p>[et_pb_section fb_built=\u00bb1&#8243; _builder_version=\u00bb4.27.4&#8243; _module_preset=\u00bbdefault\u00bb background_color=\u00bb#606060&#8243; background_image=\u00bbhttp:\/\/luckyactivegames.com\/wp-content\/uploads\/2025\/06\/contact-ban\u65e0\u5b57.png\u00bb background_blend=\u00bboverlay\u00bb min_height=\u00bb450px\u00bb min_height_tablet=\u00bb423px\u00bb min_height_phone=\u00bb190px\u00bb min_height_last_edited=\u00bbon|phone\u00bb custom_padding=\u00bb||0px|||\u00bb background_last_edited=\u00bbon|phone\u00bb background_size_phone=\u00bbcover\u00bb global_colors_info=\u00bb{}\u00bb][et_pb_row custom_padding_last_edited=\u00bbon|phone\u00bb _builder_version=\u00bb4.27.0&#8243; _module_preset=\u00bb4fcafc99-9200-4fbd-a185-f8a0977c741b\u00bb custom_padding=\u00bb126px||0px|||\u00bb custom_padding_tablet=\u00bb126px||0px|||\u00bb custom_padding_phone=\u00bb16px||0px||false|false\u00bb global_colors_info=\u00bb{}\u00bb][et_pb_column type=\u00bb4_4&#8243; _builder_version=\u00bb4.27.0&#8243; _module_preset=\u00bbdefault\u00bb global_colors_info=\u00bb{}\u00bb][et_pb_heading title=\u00bbCONTACT US\u00bb _builder_version=\u00bb4.27.0&#8243; _module_preset=\u00bb9ea431a4-47e8-4320-a620-aa11b438f21e\u00bb title_text_color=\u00bb#FFFFFF\u00bb title_font_size=\u00bb65px\u00bb custom_margin_phone=\u00bb||0px||false|false\u00bb title_font_size_phone=\u00bb31px\u00bb title_text_shadow_style=\u00bbpreset3&#8243; global_colors_info=\u00bb{}\u00bb][\/et_pb_heading][\/et_pb_column][\/et_pb_row][\/et_pb_section][et_pb_section fb_built=\u00bb1&#8243; custom_padding_last_edited=\u00bbon|phone\u00bb admin_label=\u00bbContact\u00bb _builder_version=\u00bb4.27.2&#8243; _module_preset=\u00bbdefault\u00bb background_enable_color=\u00bboff\u00bb min_height=\u00bb201.4px\u00bb custom_padding=\u00bb45px||25px|||\u00bb custom_padding_tablet=\u00bb45px||25px|||\u00bb custom_padding_phone=\u00bb||0px||false|false\u00bb locked=\u00bboff\u00bb global_colors_info=\u00bb{%22gcid-b6c4f12c-f25d-4f61-9fb1-6e96404634cd%22:%91%22background_color%22%93}\u00bb][et_pb_row column_structure=\u00bb1_2,1_2&#8243; _builder_version=\u00bb4.27.4&#8243; _module_preset=\u00bbac7304e7-d236-4b11-9bc8-5655d6d2f666&#8243; width_tablet=\u00bb95%\u00bb custom_margin=\u00bb15px|auto|18px|auto||\u00bb custom_padding=\u00bb12px|||||\u00bb global_colors_info=\u00bb{}\u00bb][et_pb_column type=\u00bb1_2&#8243; _builder_version=\u00bb4.25.2&#8243; _module_preset=\u00bbdefault\u00bb global_colors_info=\u00bb{}\u00bb][et_pb_heading title=\u00bbAcerca de Lucky Active Game\u00bb _builder_version=\u00bb4.27.4&#8243; _module_preset=\u00bbdefault\u00bb title_text_align=\u00bbcenter\u00bb custom_margin=\u00bb||19px|||\u00bb title_font_size_phone=\u00bb22px\u00bb global_colors_info=\u00bb{}\u00bb][\/et_pb_heading][et_pb_text _builder_version=\u00bb4.27.4&#8243; _module_preset=\u00bbdefault\u00bb text_font_size=\u00bb17px\u00bb custom_margin=\u00bb||2%||false|false\u00bb custom_margin_tablet=\u00bb||2%||false|false\u00bb custom_margin_phone=\u00bb||2%||false|false\u00bb custom_margin_last_edited=\u00bbon|desktop\u00bb text_font_size_phone=\u00bb17px\u00bb global_colors_info=\u00bb{}\u00bb]<\/p>\n<p style=\"text-align: left;\">Lucky Active Game fue fundada en 2012 y actualmente opera tres f\u00e1bricas. Nos especializamos en la producci\u00f3n de juegos interactivos y pistas de baile LED, y estamos reconocidos como uno de los principales fabricantes originales en la industria global de juegos interactivos. Nos comprometemos a ofrecer productos de alta calidad, servicios gratuitos de dise\u00f1o de distribuci\u00f3n y personalizaci\u00f3n adaptada a las necesidades espec\u00edficas de tu negocio.  <\/p>\n<p style=\"text-align: left;\">Nuestro plazo est\u00e1ndar de producci\u00f3n es de aproximadamente 7 a 10 d\u00edas. Para el env\u00edo, ofrecemos opciones log\u00edsticas flexibles, incluyendo transporte ferroviario y mar\u00edtimo. Participamos regularmente en ferias comerciales de la industria y damos una c\u00e1lida bienvenida a los clientes que deseen visitar nuestras f\u00e1bricas para realizar inspecciones in situ.  <\/p>\n<p style=\"text-align: left;\">[\/et_pb_text][et_pb_blurb title=\u00bbEmail\u00bb use_icon=\u00bbon\u00bb font_icon=\u00bb&#xf658;||fa||900&#8243; _builder_version=\u00bb4.27.4&#8243; _module_preset=\u00bbbe17044c-0df3-44e3-bbf6-73ad0464f4d9&#8243; header_level=\u00bbh3&#8243; header_font=\u00bb&#8211;et_global_heading_font||||||||\u00bb body_font_size=\u00bb16px\u00bb custom_margin=\u00bb9px||||false|false\u00bb custom_padding=\u00bb28px||||false|false\u00bb header_font_size_phone=\u00bb20px\u00bb global_colors_info=\u00bb{}\u00bb]<\/p>\n<p><span style=\"color: #000000;\">Kat:<\/span> <a href=\"mailto:sales1@luckydancefloor.com\">sales1@luckydancefloor.com<\/a><\/p>\n<p><span style=\"color: #000000;\">Kelly:<\/span><a href=\"mailto:support@luckydancefloor.com\"> support@luckydancefloor.com<\/a><\/p>\n<p><span style=\"color: #000000;\">Jane:<\/span> <a href=\"mailto:Jane@luckydancefloor.com\">Jane@luckydancefloor.com<\/a><\/p>\n<p>[\/et_pb_blurb][\/et_pb_column][et_pb_column type=\u00bb1_2&#8243; _builder_version=\u00bb4.27.4&#8243; _module_preset=\u00bbca9f0790-bf35-4f0d-a228-1f1dd89fda1b\u00bb global_colors_info=\u00bb{}\u00bb][et_pb_video src=\u00bbhttps:\/\/youtu.be\/94VcnnkUR-0&#8243; _builder_version=\u00bb4.27.4&#8243; _module_preset=\u00bbdefault\u00bb width=\u00bb100%\u00bb module_alignment=\u00bbcenter\u00bb custom_margin=\u00bb||||false|false\u00bb custom_padding=\u00bb||||false|false\u00bb custom_padding_tablet=\u00bb||||false|false\u00bb custom_padding_phone=\u00bb||||false|false\u00bb custom_padding_last_edited=\u00bbon|phone\u00bb hover_enabled=\u00bb0&#8243; global_colors_info=\u00bb{}\u00bb sticky_enabled=\u00bb0&#8243;][\/et_pb_video][\/et_pb_column][\/et_pb_row][\/et_pb_section][et_pb_section fb_built=\u00bb1&#8243; custom_padding_last_edited=\u00bbon|phone\u00bb admin_label=\u00bb04&#8243; _builder_version=\u00bb4.27.4&#8243; _module_preset=\u00bbdefault\u00bb background_color=\u00bb#f4f4f4&#8243; custom_padding_tablet=\u00bb\u00bb custom_padding_phone=\u00bb||5%||false|false\u00bb collapsed=\u00bbon\u00bb global_colors_info=\u00bb{}\u00bb][et_pb_row _builder_version=\u00bb4.27.4&#8243; _module_preset=\u00bbdefault\u00bb width=\u00bb65%\u00bb module_alignment=\u00bbcenter\u00bb global_colors_info=\u00bb{}\u00bb][et_pb_column type=\u00bb4_4&#8243; _builder_version=\u00bb4.18.0&#8243; _module_preset=\u00bbdefault\u00bb global_colors_info=\u00bb{}\u00bb][et_pb_blurb title=\u00bbProducci\u00f3n y operaciones diarias\u00bb content_tablet=\u00bb<\/p>\n<p style=%22text-align: center;%22><span style=%22color: #000000;%22>La transparencia es clave para generar confianza. Aqu\u00ed tienes fotos reales de nuestro equipo, talleres, env\u00edos y visitas de socios de todo el mundo.  <\/span><\/p>\n<p>\u00bb content_phone=\u00bb<\/p>\n<p style=%22text-align: left;%22><span style=%22color: #000000;%22>La transparencia es clave para generar confianza. Aqu\u00ed tienes fotos reales de nuestro equipo, talleres, env\u00edos y visitas de socios de todo el mundo.  <\/span><\/p>\n<p>\u00bb content_last_edited=\u00bboff|desktop\u00bb _builder_version=\u00bb4.27.4&#8243; _module_preset=\u00bbdefault\u00bb header_level=\u00bbh2&#8243; header_text_color=\u00bb#0a0a0a\u00bb header_font_size=\u00bb25px\u00bb header_line_height=\u00bb48px\u00bb body_text_align=\u00bbcenter\u00bb body_font_size=\u00bb20px\u00bb body_line_height=\u00bb28px\u00bb text_orientation=\u00bbcenter\u00bb module_alignment=\u00bbcenter\u00bb header_font_size_tablet=\u00bb34px\u00bb header_font_size_phone=\u00bb20px\u00bb header_font_size_last_edited=\u00bbon|tablet\u00bb header_line_height_tablet=\u00bb42px\u00bb header_line_height_phone=\u00bb36px\u00bb header_line_height_last_edited=\u00bbon|tablet\u00bb body_font_size_tablet=\u00bb17px\u00bb body_font_size_phone=\u00bb16px\u00bb body_font_size_last_edited=\u00bbon|tablet\u00bb body_line_height_tablet=\u00bb27px\u00bb body_line_height_phone=\u00bb26px\u00bb body_line_height_last_edited=\u00bbon|tablet\u00bb locked=\u00bboff\u00bb global_colors_info=\u00bb{}\u00bb]<\/p>\n<p style=\"text-align: center;\"><span style=\"color: #000000;\">La transparencia es clave para generar confianza. Aqu\u00ed tienes fotos reales de nuestro equipo, talleres, env\u00edos y visitas de socios de todo el mundo.  <\/span><\/p>\n<p>[\/et_pb_blurb][difl_imagecarousel item_mobile=\u00bb2&#8243; item_spacing=\u00bb50px\u00bb loop=\u00bbon\u00bb autoplay=\u00bbon\u00bb pause_hover=\u00bbon\u00bb dots=\u00bbon\u00bb arrow_prev_margin_phone=\u00bb||10px||false|false\u00bb arrow_prev_margin_last_edited=\u00bboff|desktop\u00bb arrow_prev_padding_phone=\u00bb||3px||false|false\u00bb arrow_prev_padding_last_edited=\u00bboff|desktop\u00bb arrow_next_padding_tablet=\u00bb0px|0px|3px|0px|false|false\u00bb arrow_next_padding_phone=\u00bb0px|0px|3px|0px|false|false\u00bb arrow_next_padding_last_edited=\u00bboff|desktop\u00bb dots_color=\u00bb#949494&#8243; active_dots_color=\u00bb#1A1A1A\u00bb wrapper_padding=\u00bb||24px||false|false\u00bb item_spacing_tablet=\u00bb\u00bb item_spacing_phone=\u00bb15px\u00bb item_spacing_last_edited=\u00bbon|phone\u00bb arrow_position_phone=\u00bbtop\u00bb arrow_position_last_edited=\u00bboff|desktop\u00bb arrow_align_phone=\u00bbcenter\u00bb arrow_align_last_edited=\u00bboff|desktop\u00bb _builder_version=\u00bb4.27.4&#8243; _module_preset=\u00bbdefault\u00bb border_radii=\u00bbon|5px|5px|5px|5px\u00bb box_shadow_style=\u00bbpreset1&#8243; box_shadow_color=\u00bbrgba(0,0,0,0.21)\u00bb locked=\u00bboff\u00bb global_colors_info=\u00bb{}\u00bb arrow_prev_margin__hover_enabled=\u00bboff|desktop\u00bb arrow_prev_margin__hover=\u00bb|||-60px|false|false\u00bb arrow_next_margin__hover_enabled=\u00bboff|desktop\u00bb arrow_next_margin__hover=\u00bb|-60px|||false|false\u00bb arrow_opacity__hover_enabled=\u00bboff|desktop\u00bb arrow_opacity__hover=\u00bb1&#8243;][difl_imagecarouselitem image=\u00bbhttp:\/\/luckyactivegames.com\/wp-content\/uploads\/2025\/06\/Production-Daily-Operations-4.jpg\u00bb alt_text=\u00bbTrabajadores ensamblando pantalla de vidrio templado para Mega Grid\u00bb ic_button_button_url_new_window=\u00bb1&#8243; _builder_version=\u00bb4.27.4&#8243; _module_preset=\u00bbdefault\u00bb global_colors_info=\u00bb{}\u00bb][\/difl_imagecarouselitem][difl_imagecarouselitem image=\u00bbhttp:\/\/luckyactivegames.com\/wp-content\/uploads\/2025\/06\/Production-Daily-Operations-8-scaled.jpg\u00bb alt_text=\u00bbDispositivo de Mega Grid con funcionamiento por monedas\u00bb ic_button_button_url_new_window=\u00bb1&#8243; _builder_version=\u00bb4.27.4&#8243; _module_preset=\u00bbdefault\u00bb global_colors_info=\u00bb{}\u00bb][\/difl_imagecarouselitem][difl_imagecarouselitem image=\u00bbhttp:\/\/luckyactivegames.com\/wp-content\/uploads\/2025\/06\/Production-Daily-Operations-2.jpg\u00bb alt_text=\u00bbZona de embalaje y entrega de la f\u00e1brica de Lucky Active Games\u00bb ic_button_button_url_new_window=\u00bb1&#8243; _builder_version=\u00bb4.27.4&#8243; _module_preset=\u00bbdefault\u00bb global_colors_info=\u00bb{}\u00bb][\/difl_imagecarouselitem][difl_imagecarouselitem admin_label=\u00bb4&#8243; image=\u00bbhttp:\/\/luckyactivegames.com\/wp-content\/uploads\/2025\/06\/Production-Daily-Operations-5.jpg\u00bb alt_text=\u00bbTrabajadores ensamblando el Mega Grid en el taller\u00bb ic_button_button_url_new_window=\u00bb1&#8243; _builder_version=\u00bb4.27.4&#8243; _module_preset=\u00bbdefault\u00bb global_colors_info=\u00bb{}\u00bb][\/difl_imagecarouselitem][difl_imagecarouselitem admin_label=\u00bb8&#8243; image=\u00bbhttp:\/\/luckyactivegames.com\/wp-content\/uploads\/2025\/06\/Production-Daily-Operations-10-scaled.jpg\u00bb alt_text=\u00bbParticipaci\u00f3n en feria de iluminaci\u00f3n LED para ensamblar la pista de baile LED\u00bb ic_button_button_url_new_window=\u00bb1&#8243; _builder_version=\u00bb4.27.4&#8243; _module_preset=\u00bbdefault\u00bb global_colors_info=\u00bb{}\u00bb][\/difl_imagecarouselitem][difl_imagecarouselitem image=\u00bbhttp:\/\/luckyactivegames.com\/wp-content\/uploads\/2025\/06\/Production-Daily-Operations-3.jpg\u00bb alt_text=\u00bbClientes visitaron la f\u00e1brica para ver la sala de exposici\u00f3n, y el personal present\u00f3 la pista de baile LED\u00bb ic_button_button_url_new_window=\u00bb1&#8243; _builder_version=\u00bb4.27.4&#8243; _module_preset=\u00bbdefault\u00bb global_colors_info=\u00bb{}\u00bb][\/difl_imagecarouselitem][difl_imagecarouselitem image=\u00bbhttp:\/\/luckyactivegames.com\/wp-content\/uploads\/2025\/06\/Production-Daily-Operations-6.jpg\u00bb alt_text=\u00bbEmpalme de 4 estilos diferentes de pista de baile LED\u00bb ic_button_button_url_new_window=\u00bb1&#8243; _builder_version=\u00bb4.27.4&#8243; _module_preset=\u00bbdefault\u00bb global_colors_info=\u00bb{}\u00bb][\/difl_imagecarouselitem][difl_imagecarouselitem image=\u00bbhttp:\/\/luckyactivegames.com\/wp-content\/uploads\/2025\/06\/Production-Daily-Operations-9-scaled.jpg\u00bb alt_text=\u00bbClientes visitan la f\u00e1brica para confirmar el plan de compra del pedido\u00bb ic_button_button_url_new_window=\u00bb1&#8243; _builder_version=\u00bb4.27.4&#8243; _module_preset=\u00bbdefault\u00bb global_colors_info=\u00bb{}\u00bb][\/difl_imagecarouselitem][difl_imagecarouselitem image=\u00bbhttp:\/\/luckyactivegames.com\/wp-content\/uploads\/2025\/06\/Production-Daily-Operations-11-scaled.jpg\u00bb alt_text=\u00bbVeh\u00edculo SUV muestra su excelente capacidad de carga sobre la pista de baile LED\u00bb ic_button_button_url_new_window=\u00bb1&#8243; _builder_version=\u00bb4.27.4&#8243; _module_preset=\u00bbdefault\u00bb global_colors_info=\u00bb{}\u00bb][\/difl_imagecarouselitem][difl_imagecarouselitem image=\u00bbhttp:\/\/luckyactivegames.com\/wp-content\/uploads\/2025\/06\/Production-Daily-Operations-12.jpg\u00bb alt_text=\u00bbPrueba en taller del equipo de juego Pipe Ball\u00bb ic_button_button_url_new_window=\u00bb1&#8243; _builder_version=\u00bb4.27.4&#8243; _module_preset=\u00bbdefault\u00bb global_colors_info=\u00bb{}\u00bb][\/difl_imagecarouselitem][difl_imagecarouselitem admin_label=\u00bb10&#8243; image=\u00bbhttp:\/\/luckyactivegames.com\/wp-content\/uploads\/2025\/06\/Production-Daily-Operations-1.jpg\u00bb alt_text=\u00bbTrabajadores embalando la pista de baile LED para su env\u00edo\u00bb ic_button_button_url_new_window=\u00bb1&#8243; _builder_version=\u00bb4.27.4&#8243; _module_preset=\u00bbdefault\u00bb global_colors_info=\u00bb{}\u00bb][\/difl_imagecarouselitem][difl_imagecarouselitem image=\u00bbhttp:\/\/luckyactivegames.com\/wp-content\/uploads\/2025\/06\/Production-Daily-Operations-13.jpg\u00bb alt_text=\u00bbJuego de disparo l\u00e1ser combinado con pista de baile LED\u00bb ic_button_button_url_new_window=\u00bb1&#8243; _builder_version=\u00bb4.27.4&#8243; _module_preset=\u00bbdefault\u00bb global_colors_info=\u00bb{}\u00bb][\/difl_imagecarouselitem][\/difl_imagecarousel][\/et_pb_column][\/et_pb_row][\/et_pb_section][et_pb_section fb_built=\u00bb1&#8243; _builder_version=\u00bb4.27.4&#8243; _module_preset=\u00bbdefault\u00bb background_color=\u00bb#ffffff\u00bb global_colors_info=\u00bb{}\u00bb][et_pb_row _builder_version=\u00bb4.27.4&#8243; _module_preset=\u00bbdefault\u00bb global_colors_info=\u00bb{}\u00bb][et_pb_column type=\u00bb4_4&#8243; _builder_version=\u00bb4.27.4&#8243; _module_preset=\u00bbdefault\u00bb global_colors_info=\u00bb{}\u00bb][et_pb_code _builder_version=\u00bb4.27.4&#8243; _module_preset=\u00bbdefault\u00bb text_orientation=\u00bbcenter\u00bb module_alignment=\u00bbcenter\u00bb global_colors_info=\u00bb{}\u00bb]<iframe src=\"https:\/\/www.google.com\/maps\/embed?pb=!1m18!1m12!1m3!1d3085.272292848118!2d113.21717060923059!3d23.132660468748693!2m3!1f0!2f0!3f0!3m2!1i1024!2i768!4f13.1!3m3!1m2!1s0x3402f840d934610b%3A0x1f77979db6f7487e!2z5bm_5Lic5YWJ55S156eR5oqA5Lqn5Lia5Z-65ZywM0Hlj7fmpbw!5e0!3m2!1szh-CN!2sde!4v1724079158398!5m2!1szh-CN!2sde\" width=\"1500\" height=\"600\" style=\"border:0;\" allowfullscreen=\"\" loading=\"lazy\" referrerpolicy=\"no-referrer-when-downgrade\"><\/iframe>[\/et_pb_code][\/et_pb_column][\/et_pb_row][\/et_pb_section]<\/p>\n","protected":false},"excerpt":{"rendered":"<p>Lucky Active Game fue fundada en 2012 y actualmente opera tres f\u00e1bricas. Nos especializamos en la producci\u00f3n de juegos interactivos y pistas de baile LED, y estamos reconocidos como uno de los principales fabricantes originales en la industria global de juegos interactivos. Nos comprometemos a ofrecer productos de alta calidad, servicios gratuitos de dise\u00f1o de [&hellip;]<\/p>\n","protected":false},"author":1,"featured_media":0,"parent":0,"menu_order":0,"comment_status":"closed","ping_status":"closed","template":"","meta":{"_et_pb_use_builder":"on","_et_pb_old_content":"","_et_gb_content_width":"","footnotes":""},"dipi_cpt_category":[],"difl_page_category":[],"class_list":["post-23947049","page","type-page","status-publish","hentry"],"_links":{"self":[{"href":"https:\/\/luckyactivegames.com\/es\/wp-json\/wp\/v2\/pages\/23947049","targetHints":{"allow":["GET"]}}],"collection":[{"href":"https:\/\/luckyactivegames.com\/es\/wp-json\/wp\/v2\/pages"}],"about":[{"href":"https:\/\/luckyactivegames.com\/es\/wp-json\/wp\/v2\/types\/page"}],"author":[{"embeddable":true,"href":"https:\/\/luckyactivegames.com\/es\/wp-json\/wp\/v2\/users\/1"}],"replies":[{"embeddable":true,"href":"https:\/\/luckyactivegames.com\/es\/wp-json\/wp\/v2\/comments?post=23947049"}],"version-history":[{"count":6,"href":"https:\/\/luckyactivegames.com\/es\/wp-json\/wp\/v2\/pages\/23947049\/revisions"}],"predecessor-version":[{"id":23949553,"href":"https:\/\/luckyactivegames.com\/es\/wp-json\/wp\/v2\/pages\/23947049\/revisions\/23949553"}],"wp:attachment":[{"href":"https:\/\/luckyactivegames.com\/es\/wp-json\/wp\/v2\/media?parent=23947049"}],"wp:term":[{"taxonomy":"dipi_cpt_category","embeddable":true,"href":"https:\/\/luckyactivegames.com\/es\/wp-json\/wp\/v2\/dipi_cpt_category?post=23947049"},{"taxonomy":"difl_page_category","embeddable":true,"href":"https:\/\/luckyactivegames.com\/es\/wp-json\/wp\/v2\/difl_page_category?post=23947049"}],"curies":[{"name":"wp","href":"https:\/\/api.w.org\/{rel}","templated":true}]}}