{"id":23946887,"date":"2024-08-21T07:29:23","date_gmt":"2024-08-21T07:29:23","guid":{"rendered":"https:\/\/luckyactivegames.com\/about\/"},"modified":"2025-12-16T02:21:11","modified_gmt":"2025-12-16T02:21:11","slug":"about","status":"publish","type":"page","link":"https:\/\/luckyactivegames.com\/fr\/about\/","title":{"rendered":"About"},"content":{"rendered":"<p>[et_pb_section fb_built=\u00a0\u00bb1&Prime; _builder_version=\u00a0\u00bb4.27.4&Prime; _module_preset=\u00a0\u00bbdefault\u00a0\u00bb background_color=\u00a0\u00bb#606060&Prime; background_image=\u00a0\u00bbhttp:\/\/luckyactivegames.com\/wp-content\/uploads\/2025\/06\/contact-ban\u65e0\u5b57.png\u00a0\u00bb background_blend=\u00a0\u00bboverlay\u00a0\u00bb min_height=\u00a0\u00bb450px\u00a0\u00bb min_height_tablet=\u00a0\u00bb423px\u00a0\u00bb min_height_phone=\u00a0\u00bb190px\u00a0\u00bb min_height_last_edited=\u00a0\u00bbon|phone\u00a0\u00bb custom_padding=\u00a0\u00bb||0px|||\u00a0\u00bb background_last_edited=\u00a0\u00bbon|phone\u00a0\u00bb background_size_phone=\u00a0\u00bbcover\u00a0\u00bb global_colors_info=\u00a0\u00bb{}\u00a0\u00bb][et_pb_row custom_padding_last_edited=\u00a0\u00bbon|phone\u00a0\u00bb _builder_version=\u00a0\u00bb4.27.0&Prime; _module_preset=\u00a0\u00bb4fcafc99-9200-4fbd-a185-f8a0977c741b\u00a0\u00bb custom_padding=\u00a0\u00bb126px||0px|||\u00a0\u00bb custom_padding_tablet=\u00a0\u00bb126px||0px|||\u00a0\u00bb custom_padding_phone=\u00a0\u00bb16px||0px||false|false\u00a0\u00bb global_colors_info=\u00a0\u00bb{}\u00a0\u00bb][et_pb_column type=\u00a0\u00bb4_4&Prime; _builder_version=\u00a0\u00bb4.27.0&Prime; _module_preset=\u00a0\u00bbdefault\u00a0\u00bb global_colors_info=\u00a0\u00bb{}\u00a0\u00bb][et_pb_heading title=\u00a0\u00bbContactez-nous\u00a0\u00bb _builder_version=\u00a0\u00bb4.27.0&Prime; _module_preset=\u00a0\u00bb9ea431a4-47e8-4320-a620-aa11b438f21e\u00a0\u00bb title_text_color=\u00a0\u00bb#FFFFFF\u00a0\u00bb title_font_size=\u00a0\u00bb65px\u00a0\u00bb custom_margin_phone=\u00a0\u00bb||0px||false|false\u00a0\u00bb title_font_size_phone=\u00a0\u00bb31px\u00a0\u00bb title_text_shadow_style=\u00a0\u00bbpreset3&Prime; global_colors_info=\u00a0\u00bb{}\u00a0\u00bb][\/et_pb_heading][\/et_pb_column][\/et_pb_row][\/et_pb_section][et_pb_section fb_built=\u00a0\u00bb1&Prime; custom_padding_last_edited=\u00a0\u00bbon|phone\u00a0\u00bb admin_label=\u00a0\u00bbContact\u00a0\u00bb _builder_version=\u00a0\u00bb4.27.2&Prime; _module_preset=\u00a0\u00bbdefault\u00a0\u00bb background_enable_color=\u00a0\u00bboff\u00a0\u00bb min_height=\u00a0\u00bb201.4px\u00a0\u00bb custom_padding=\u00a0\u00bb45px||25px|||\u00a0\u00bb custom_padding_tablet=\u00a0\u00bb45px||25px|||\u00a0\u00bb custom_padding_phone=\u00a0\u00bb||0px||false|false\u00a0\u00bb locked=\u00a0\u00bboff\u00a0\u00bb global_colors_info=\u00a0\u00bb{%22gcid-b6c4f12c-f25d-4f61-9fb1-6e96404634cd%22:%91%22background_color%22%93}\u00a0\u00bb][et_pb_row column_structure=\u00a0\u00bb1_2,1_2&Prime; _builder_version=\u00a0\u00bb4.27.4&Prime; _module_preset=\u00a0\u00bbac7304e7-d236-4b11-9bc8-5655d6d2f666&Prime; width_tablet=\u00a0\u00bb95%\u00a0\u00bb custom_margin=\u00a0\u00bb15px|auto|18px|auto||\u00a0\u00bb custom_padding=\u00a0\u00bb12px|||||\u00a0\u00bb global_colors_info=\u00a0\u00bb{}\u00a0\u00bb][et_pb_column type=\u00a0\u00bb1_2&Prime; _builder_version=\u00a0\u00bb4.25.2&Prime; _module_preset=\u00a0\u00bbdefault\u00a0\u00bb global_colors_info=\u00a0\u00bb{}\u00a0\u00bb][et_pb_heading title=\u00a0\u00bb\u00c0 propos de Lucky Active Game\u00a0\u00bb _builder_version=\u00a0\u00bb4.27.4&Prime; _module_preset=\u00a0\u00bbdefault\u00a0\u00bb title_text_align=\u00a0\u00bbcenter\u00a0\u00bb custom_margin=\u00a0\u00bb||19px|||\u00a0\u00bb title_font_size_phone=\u00a0\u00bb22px\u00a0\u00bb global_colors_info=\u00a0\u00bb{}\u00a0\u00bb][\/et_pb_heading][et_pb_text _builder_version=\u00a0\u00bb4.27.4&Prime; _module_preset=\u00a0\u00bbdefault\u00a0\u00bb text_font_size=\u00a0\u00bb17px\u00a0\u00bb custom_margin=\u00a0\u00bb||2%||false|false\u00a0\u00bb custom_margin_tablet=\u00a0\u00bb||2%||false|false\u00a0\u00bb custom_margin_phone=\u00a0\u00bb||2%||false|false\u00a0\u00bb custom_margin_last_edited=\u00a0\u00bbon|desktop\u00a0\u00bb text_font_size_phone=\u00a0\u00bb17px\u00a0\u00bb global_colors_info=\u00a0\u00bb{}\u00a0\u00bb]<\/p>\n<p style=\"text-align: left;\">Lucky Active Game a \u00e9t\u00e9 fond\u00e9e en 2012 et exploite actuellement trois usines. Nous sommes sp\u00e9cialis\u00e9s dans la production de jeux interactifs et de LED dance floors, et sommes reconnus comme l\u2019un des fabricants d\u2019origine leaders dans l\u2019industrie mondiale des jeux interactifs. Nous nous engageons \u00e0 fournir des produits de haute qualit\u00e9, \u00e0 offrir des services de conception de plans gratuits, et \u00e0 proposer des solutions personnalis\u00e9es selon vos besoins commerciaux sp\u00e9cifiques.  <\/p>\n<p style=\"text-align: left;\">Notre d\u00e9lai de production standard est d\u2019environ 7 \u00e0 10 jours. Pour la livraison, nous proposons des options logistiques flexibles, incluant le transport ferroviaire et maritime. Nous participons r\u00e9guli\u00e8rement \u00e0 des salons professionnels et accueillons chaleureusement nos clients pour des visites d\u2019usine.  <\/p>\n<p style=\"text-align: left;\">[\/et_pb_text][et_pb_blurb title=\u00a0\u00bbEmail\u00a0\u00bb use_icon=\u00a0\u00bbon\u00a0\u00bb font_icon=\u00a0\u00bb&#xf658;||fa||900&Prime; _builder_version=\u00a0\u00bb4.27.4&Prime; _module_preset=\u00a0\u00bbbe17044c-0df3-44e3-bbf6-73ad0464f4d9&Prime; header_level=\u00a0\u00bbh3&Prime; header_font=\u00a0\u00bb&#8211;et_global_heading_font||||||||\u00a0\u00bb body_font_size=\u00a0\u00bb16px\u00a0\u00bb custom_margin=\u00a0\u00bb9px||||false|false\u00a0\u00bb custom_padding=\u00a0\u00bb28px||||false|false\u00a0\u00bb header_font_size_phone=\u00a0\u00bb20px\u00a0\u00bb global_colors_info=\u00a0\u00bb{}\u00a0\u00bb]<\/p>\n<p><span style=\"color: #000000;\">Kat:<\/span> <a href=\"mailto:sales1@luckydancefloor.com\">sales1@luckydancefloor.com<\/a><\/p>\n<p><span style=\"color: #000000;\">Kelly:<\/span><a href=\"mailto:support@luckydancefloor.com\"> support@luckydancefloor.com<\/a><\/p>\n<p><span style=\"color: #000000;\">Jane:<\/span> <a href=\"mailto:Jane@luckydancefloor.com\">Jane@luckydancefloor.com<\/a><\/p>\n<p>[\/et_pb_blurb][\/et_pb_column][et_pb_column type=\u00a0\u00bb1_2&Prime; _builder_version=\u00a0\u00bb4.27.4&Prime; _module_preset=\u00a0\u00bbca9f0790-bf35-4f0d-a228-1f1dd89fda1b\u00a0\u00bb global_colors_info=\u00a0\u00bb{}\u00a0\u00bb][et_pb_video src=\u00a0\u00bbhttps:\/\/youtu.be\/94VcnnkUR-0&Prime; _builder_version=\u00a0\u00bb4.27.4&Prime; _module_preset=\u00a0\u00bbdefault\u00a0\u00bb width=\u00a0\u00bb100%\u00a0\u00bb module_alignment=\u00a0\u00bbcenter\u00a0\u00bb custom_margin=\u00a0\u00bb||||false|false\u00a0\u00bb custom_padding=\u00a0\u00bb||||false|false\u00a0\u00bb custom_padding_tablet=\u00a0\u00bb||||false|false\u00a0\u00bb custom_padding_phone=\u00a0\u00bb||||false|false\u00a0\u00bb custom_padding_last_edited=\u00a0\u00bbon|phone\u00a0\u00bb hover_enabled=\u00a0\u00bb0&Prime; global_colors_info=\u00a0\u00bb{}\u00a0\u00bb sticky_enabled=\u00a0\u00bb0&Prime;][\/et_pb_video][\/et_pb_column][\/et_pb_row][\/et_pb_section][et_pb_section fb_built=\u00a0\u00bb1&Prime; custom_padding_last_edited=\u00a0\u00bbon|phone\u00a0\u00bb admin_label=\u00a0\u00bb04&Prime; _builder_version=\u00a0\u00bb4.27.4&Prime; _module_preset=\u00a0\u00bbdefault\u00a0\u00bb background_color=\u00a0\u00bb#f4f4f4&Prime; custom_padding_tablet=\u00a0\u00bb\u00a0\u00bb custom_padding_phone=\u00a0\u00bb||5%||false|false\u00a0\u00bb collapsed=\u00a0\u00bbon\u00a0\u00bb global_colors_info=\u00a0\u00bb{}\u00a0\u00bb][et_pb_row _builder_version=\u00a0\u00bb4.27.4&Prime; _module_preset=\u00a0\u00bbdefault\u00a0\u00bb width=\u00a0\u00bb65%\u00a0\u00bb module_alignment=\u00a0\u00bbcenter\u00a0\u00bb global_colors_info=\u00a0\u00bb{}\u00a0\u00bb][et_pb_column type=\u00a0\u00bb4_4&Prime; _builder_version=\u00a0\u00bb4.18.0&Prime; _module_preset=\u00a0\u00bbdefault\u00a0\u00bb global_colors_info=\u00a0\u00bb{}\u00a0\u00bb][et_pb_blurb title=\u00a0\u00bbProduction et op\u00e9rations quotidiennes\u00a0\u00bb content_tablet=\u00a0\u00bb<\/p>\n<p style=%22text-align: center;%22><span style=%22color: #000000;%22>La transparence est essentielle pour instaurer la confiance. Voici des photos r\u00e9elles de notre \u00e9quipe, de nos ateliers, de nos exp\u00e9ditions et des visites de partenaires du monde entier.  <\/span><\/p>\n<p>\u00a0\u00bb content_phone=\u00a0\u00bb<\/p>\n<p style=%22text-align: left;%22><span style=%22color: #000000;%22>La transparence est essentielle pour instaurer la confiance. Voici des photos r\u00e9elles de notre \u00e9quipe, de nos ateliers, de nos exp\u00e9ditions et des visites de partenaires du monde entier.  <\/span><\/p>\n<p>\u00a0\u00bb content_last_edited=\u00a0\u00bboff|desktop\u00a0\u00bb _builder_version=\u00a0\u00bb4.27.4&Prime; _module_preset=\u00a0\u00bbdefault\u00a0\u00bb header_level=\u00a0\u00bbh2&Prime; header_text_color=\u00a0\u00bb#0a0a0a\u00a0\u00bb header_font_size=\u00a0\u00bb25px\u00a0\u00bb header_line_height=\u00a0\u00bb48px\u00a0\u00bb body_text_align=\u00a0\u00bbcenter\u00a0\u00bb body_font_size=\u00a0\u00bb20px\u00a0\u00bb body_line_height=\u00a0\u00bb28px\u00a0\u00bb text_orientation=\u00a0\u00bbcenter\u00a0\u00bb module_alignment=\u00a0\u00bbcenter\u00a0\u00bb header_font_size_tablet=\u00a0\u00bb34px\u00a0\u00bb header_font_size_phone=\u00a0\u00bb20px\u00a0\u00bb header_font_size_last_edited=\u00a0\u00bbon|tablet\u00a0\u00bb header_line_height_tablet=\u00a0\u00bb42px\u00a0\u00bb header_line_height_phone=\u00a0\u00bb36px\u00a0\u00bb header_line_height_last_edited=\u00a0\u00bbon|tablet\u00a0\u00bb body_font_size_tablet=\u00a0\u00bb17px\u00a0\u00bb body_font_size_phone=\u00a0\u00bb16px\u00a0\u00bb body_font_size_last_edited=\u00a0\u00bbon|tablet\u00a0\u00bb body_line_height_tablet=\u00a0\u00bb27px\u00a0\u00bb body_line_height_phone=\u00a0\u00bb26px\u00a0\u00bb body_line_height_last_edited=\u00a0\u00bbon|tablet\u00a0\u00bb locked=\u00a0\u00bboff\u00a0\u00bb global_colors_info=\u00a0\u00bb{}\u00a0\u00bb]<\/p>\n<p style=\"text-align: center;\"><span style=\"color: #000000;\">La transparence est essentielle pour instaurer la confiance. Voici des photos r\u00e9elles de notre \u00e9quipe, de nos ateliers, de nos exp\u00e9ditions et des visites de partenaires du monde entier.  <\/span><\/p>\n<p>[\/et_pb_blurb][difl_imagecarousel item_mobile=\u00a0\u00bb2&Prime; item_spacing=\u00a0\u00bb50px\u00a0\u00bb loop=\u00a0\u00bbon\u00a0\u00bb autoplay=\u00a0\u00bbon\u00a0\u00bb pause_hover=\u00a0\u00bbon\u00a0\u00bb dots=\u00a0\u00bbon\u00a0\u00bb arrow_prev_margin_phone=\u00a0\u00bb||10px||false|false\u00a0\u00bb arrow_prev_margin_last_edited=\u00a0\u00bboff|desktop\u00a0\u00bb arrow_prev_padding_phone=\u00a0\u00bb||3px||false|false\u00a0\u00bb arrow_prev_padding_last_edited=\u00a0\u00bboff|desktop\u00a0\u00bb arrow_next_padding_tablet=\u00a0\u00bb0px|0px|3px|0px|false|false\u00a0\u00bb arrow_next_padding_phone=\u00a0\u00bb0px|0px|3px|0px|false|false\u00a0\u00bb arrow_next_padding_last_edited=\u00a0\u00bboff|desktop\u00a0\u00bb dots_color=\u00a0\u00bb#949494&Prime; active_dots_color=\u00a0\u00bb#1A1A1A\u00a0\u00bb wrapper_padding=\u00a0\u00bb||24px||false|false\u00a0\u00bb item_spacing_tablet=\u00a0\u00bb\u00a0\u00bb item_spacing_phone=\u00a0\u00bb15px\u00a0\u00bb item_spacing_last_edited=\u00a0\u00bbon|phone\u00a0\u00bb arrow_position_phone=\u00a0\u00bbtop\u00a0\u00bb arrow_position_last_edited=\u00a0\u00bboff|desktop\u00a0\u00bb arrow_align_phone=\u00a0\u00bbcenter\u00a0\u00bb arrow_align_last_edited=\u00a0\u00bboff|desktop\u00a0\u00bb _builder_version=\u00a0\u00bb4.27.4&Prime; _module_preset=\u00a0\u00bbdefault\u00a0\u00bb border_radii=\u00a0\u00bbon|5px|5px|5px|5px\u00a0\u00bb box_shadow_style=\u00a0\u00bbpreset1&Prime; box_shadow_color=\u00a0\u00bbrgba(0,0,0,0.21)\u00a0\u00bb locked=\u00a0\u00bboff\u00a0\u00bb global_colors_info=\u00a0\u00bb{}\u00a0\u00bb arrow_prev_margin__hover_enabled=\u00a0\u00bboff|desktop\u00a0\u00bb arrow_prev_margin__hover=\u00a0\u00bb|||-60px|false|false\u00a0\u00bb arrow_next_margin__hover_enabled=\u00a0\u00bboff|desktop\u00a0\u00bb arrow_next_margin__hover=\u00a0\u00bb|-60px|||false|false\u00a0\u00bb arrow_opacity__hover_enabled=\u00a0\u00bboff|desktop\u00a0\u00bb arrow_opacity__hover=\u00a0\u00bb1&Prime;][difl_imagecarouselitem image=\u00a0\u00bbhttp:\/\/luckyactivegames.com\/wp-content\/uploads\/2025\/06\/Production-Daily-Operations-4.jpg\u00a0\u00bb alt_text=\u00a0\u00bbTravailleurs assemblant l\u2019\u00e9cran en verre tremp\u00e9 pour Mega Grid\u00a0\u00bb ic_button_button_url_new_window=\u00a0\u00bb1&Prime; _builder_version=\u00a0\u00bb4.27.4&Prime; _module_preset=\u00a0\u00bbdefault\u00a0\u00bb global_colors_info=\u00a0\u00bb{}\u00a0\u00bb][\/difl_imagecarouselitem][difl_imagecarouselitem image=\u00a0\u00bbhttp:\/\/luckyactivegames.com\/wp-content\/uploads\/2025\/06\/Production-Daily-Operations-8-scaled.jpg\u00a0\u00bb alt_text=\u00a0\u00bbAppareil \u00e0 pi\u00e8ces Mega Grid\u00a0\u00bb ic_button_button_url_new_window=\u00a0\u00bb1&Prime; _builder_version=\u00a0\u00bb4.27.4&Prime; _module_preset=\u00a0\u00bbdefault\u00a0\u00bb global_colors_info=\u00a0\u00bb{}\u00a0\u00bb][\/difl_imagecarouselitem][difl_imagecarouselitem image=\u00a0\u00bbhttp:\/\/luckyactivegames.com\/wp-content\/uploads\/2025\/06\/Production-Daily-Operations-2.jpg\u00a0\u00bb alt_text=\u00a0\u00bbSite d\u2019emballage et de livraison de l\u2019usine Lucky Active Games\u00a0\u00bb ic_button_button_url_new_window=\u00a0\u00bb1&Prime; _builder_version=\u00a0\u00bb4.27.4&Prime; _module_preset=\u00a0\u00bbdefault\u00a0\u00bb global_colors_info=\u00a0\u00bb{}\u00a0\u00bb][\/difl_imagecarouselitem][difl_imagecarouselitem admin_label=\u00a0\u00bb4&Prime; image=\u00a0\u00bbhttp:\/\/luckyactivegames.com\/wp-content\/uploads\/2025\/06\/Production-Daily-Operations-5.jpg\u00a0\u00bb alt_text=\u00a0\u00bbTravailleurs assemblant le Mega Grid dans l\u2019atelier\u00a0\u00bb ic_button_button_url_new_window=\u00a0\u00bb1&Prime; _builder_version=\u00a0\u00bb4.27.4&Prime; _module_preset=\u00a0\u00bbdefault\u00a0\u00bb global_colors_info=\u00a0\u00bb{}\u00a0\u00bb][\/difl_imagecarouselitem][difl_imagecarouselitem admin_label=\u00a0\u00bb8&Prime; image=\u00a0\u00bbhttp:\/\/luckyactivegames.com\/wp-content\/uploads\/2025\/06\/Production-Daily-Operations-10-scaled.jpg\u00a0\u00bb alt_text=\u00a0\u00bbParticipation \u00e0 un salon de l\u2019\u00e9clairage LED pour assembler le LED dance floor\u00a0\u00bb ic_button_button_url_new_window=\u00a0\u00bb1&Prime; _builder_version=\u00a0\u00bb4.27.4&Prime; _module_preset=\u00a0\u00bbdefault\u00a0\u00bb global_colors_info=\u00a0\u00bb{}\u00a0\u00bb][\/difl_imagecarouselitem][difl_imagecarouselitem image=\u00a0\u00bbhttp:\/\/luckyactivegames.com\/wp-content\/uploads\/2025\/06\/Production-Daily-Operations-3.jpg\u00a0\u00bb alt_text=\u00a0\u00bbDes clients sont venus visiter le showroom de l\u2019usine, et le personnel a pr\u00e9sent\u00e9 le LED dance floor\u00a0\u00bb ic_button_button_url_new_window=\u00a0\u00bb1&Prime; _builder_version=\u00a0\u00bb4.27.4&Prime; _module_preset=\u00a0\u00bbdefault\u00a0\u00bb global_colors_info=\u00a0\u00bb{}\u00a0\u00bb][\/difl_imagecarouselitem][difl_imagecarouselitem image=\u00a0\u00bbhttp:\/\/luckyactivegames.com\/wp-content\/uploads\/2025\/06\/Production-Daily-Operations-6.jpg\u00a0\u00bb alt_text=\u00a0\u00bbQuatre styles diff\u00e9rents d\u2019assemblage de LED dance floor\u00a0\u00bb ic_button_button_url_new_window=\u00a0\u00bb1&Prime; _builder_version=\u00a0\u00bb4.27.4&Prime; _module_preset=\u00a0\u00bbdefault\u00a0\u00bb global_colors_info=\u00a0\u00bb{}\u00a0\u00bb][\/difl_imagecarouselitem][difl_imagecarouselitem image=\u00a0\u00bbhttp:\/\/luckyactivegames.com\/wp-content\/uploads\/2025\/06\/Production-Daily-Operations-9-scaled.jpg\u00a0\u00bb alt_text=\u00a0\u00bbDes clients viennent \u00e0 l\u2019usine pour confirmer leur plan d\u2019achat\u00a0\u00bb ic_button_button_url_new_window=\u00a0\u00bb1&Prime; _builder_version=\u00a0\u00bb4.27.4&Prime; _module_preset=\u00a0\u00bbdefault\u00a0\u00bb global_colors_info=\u00a0\u00bb{}\u00a0\u00bb][\/difl_imagecarouselitem][difl_imagecarouselitem image=\u00a0\u00bbhttp:\/\/luckyactivegames.com\/wp-content\/uploads\/2025\/06\/Production-Daily-Operations-11-scaled.jpg\u00a0\u00bb alt_text=\u00a0\u00bbUn SUV d\u00e9montre sa capacit\u00e9 de charge exceptionnelle sur le LED dance floor\u00a0\u00bb ic_button_button_url_new_window=\u00a0\u00bb1&Prime; _builder_version=\u00a0\u00bb4.27.4&Prime; _module_preset=\u00a0\u00bbdefault\u00a0\u00bb global_colors_info=\u00a0\u00bb{}\u00a0\u00bb][\/difl_imagecarouselitem][difl_imagecarouselitem image=\u00a0\u00bbhttp:\/\/luckyactivegames.com\/wp-content\/uploads\/2025\/06\/Production-Daily-Operations-12.jpg\u00a0\u00bb alt_text=\u00a0\u00bbTest de l\u2019\u00e9quipement de jeu Pipe Ball dans l\u2019atelier\u00a0\u00bb ic_button_button_url_new_window=\u00a0\u00bb1&Prime; _builder_version=\u00a0\u00bb4.27.4&Prime; _module_preset=\u00a0\u00bbdefault\u00a0\u00bb global_colors_info=\u00a0\u00bb{}\u00a0\u00bb][\/difl_imagecarouselitem][difl_imagecarouselitem admin_label=\u00a0\u00bb10&Prime; image=\u00a0\u00bbhttp:\/\/luckyactivegames.com\/wp-content\/uploads\/2025\/06\/Production-Daily-Operations-1.jpg\u00a0\u00bb alt_text=\u00a0\u00bbLes travailleurs emballent le LED dance floor pour l\u2019exp\u00e9dition\u00a0\u00bb ic_button_button_url_new_window=\u00a0\u00bb1&Prime; _builder_version=\u00a0\u00bb4.27.4&Prime; _module_preset=\u00a0\u00bbdefault\u00a0\u00bb global_colors_info=\u00a0\u00bb{}\u00a0\u00bb][\/difl_imagecarouselitem][difl_imagecarouselitem image=\u00a0\u00bbhttp:\/\/luckyactivegames.com\/wp-content\/uploads\/2025\/06\/Production-Daily-Operations-13.jpg\u00a0\u00bb alt_text=\u00a0\u00bbJeu de tir laser combin\u00e9 avec LED dance floor\u00a0\u00bb ic_button_button_url_new_window=\u00a0\u00bb1&Prime; _builder_version=\u00a0\u00bb4.27.4&Prime; _module_preset=\u00a0\u00bbdefault\u00a0\u00bb global_colors_info=\u00a0\u00bb{}\u00a0\u00bb][\/difl_imagecarouselitem][\/difl_imagecarousel][\/et_pb_column][\/et_pb_row][\/et_pb_section][et_pb_section fb_built=\u00a0\u00bb1&Prime; _builder_version=\u00a0\u00bb4.27.4&Prime; _module_preset=\u00a0\u00bbdefault\u00a0\u00bb background_color=\u00a0\u00bb#ffffff\u00a0\u00bb global_colors_info=\u00a0\u00bb{}\u00a0\u00bb][et_pb_row _builder_version=\u00a0\u00bb4.27.4&Prime; _module_preset=\u00a0\u00bbdefault\u00a0\u00bb global_colors_info=\u00a0\u00bb{}\u00a0\u00bb][et_pb_column type=\u00a0\u00bb4_4&Prime; _builder_version=\u00a0\u00bb4.27.4&Prime; _module_preset=\u00a0\u00bbdefault\u00a0\u00bb global_colors_info=\u00a0\u00bb{}\u00a0\u00bb][et_pb_code _builder_version=\u00a0\u00bb4.27.4&Prime; _module_preset=\u00a0\u00bbdefault\u00a0\u00bb text_orientation=\u00a0\u00bbcenter\u00a0\u00bb module_alignment=\u00a0\u00bbcenter\u00a0\u00bb global_colors_info=\u00a0\u00bb{}\u00a0\u00bb]<iframe src=\"https:\/\/www.google.com\/maps\/embed?pb=!1m18!1m12!1m3!1d3085.272292848118!2d113.21717060923059!3d23.132660468748693!2m3!1f0!2f0!3f0!3m2!1i1024!2i768!4f13.1!3m3!1m2!1s0x3402f840d934610b%3A0x1f77979db6f7487e!2z5bm_5Lic5YWJ55S156eR5oqA5Lqn5Lia5Z-65ZywM0Hlj7fmpbw!5e0!3m2!1szh-CN!2sde!4v1724079158398!5m2!1szh-CN!2sde\" width=\"1500\" height=\"600\" style=\"border:0;\" allowfullscreen=\"\" loading=\"lazy\" referrerpolicy=\"no-referrer-when-downgrade\"><\/iframe>[\/et_pb_code][\/et_pb_column][\/et_pb_row][\/et_pb_section]<\/p>\n","protected":false},"excerpt":{"rendered":"<p>Lucky Active Game a \u00e9t\u00e9 fond\u00e9e en 2012 et exploite actuellement trois usines. Nous sommes sp\u00e9cialis\u00e9s dans la production de jeux interactifs et de LED dance floors, et sommes reconnus comme l\u2019un des fabricants d\u2019origine leaders dans l\u2019industrie mondiale des jeux interactifs. Nous nous engageons \u00e0 fournir des produits de haute qualit\u00e9, \u00e0 offrir des [&hellip;]<\/p>\n","protected":false},"author":1,"featured_media":0,"parent":0,"menu_order":0,"comment_status":"closed","ping_status":"closed","template":"","meta":{"_et_pb_use_builder":"on","_et_pb_old_content":"","_et_gb_content_width":"","footnotes":""},"dipi_cpt_category":[],"difl_page_category":[],"class_list":["post-23946887","page","type-page","status-publish","hentry"],"_links":{"self":[{"href":"https:\/\/luckyactivegames.com\/fr\/wp-json\/wp\/v2\/pages\/23946887","targetHints":{"allow":["GET"]}}],"collection":[{"href":"https:\/\/luckyactivegames.com\/fr\/wp-json\/wp\/v2\/pages"}],"about":[{"href":"https:\/\/luckyactivegames.com\/fr\/wp-json\/wp\/v2\/types\/page"}],"author":[{"embeddable":true,"href":"https:\/\/luckyactivegames.com\/fr\/wp-json\/wp\/v2\/users\/1"}],"replies":[{"embeddable":true,"href":"https:\/\/luckyactivegames.com\/fr\/wp-json\/wp\/v2\/comments?post=23946887"}],"version-history":[{"count":11,"href":"https:\/\/luckyactivegames.com\/fr\/wp-json\/wp\/v2\/pages\/23946887\/revisions"}],"predecessor-version":[{"id":23949551,"href":"https:\/\/luckyactivegames.com\/fr\/wp-json\/wp\/v2\/pages\/23946887\/revisions\/23949551"}],"wp:attachment":[{"href":"https:\/\/luckyactivegames.com\/fr\/wp-json\/wp\/v2\/media?parent=23946887"}],"wp:term":[{"taxonomy":"dipi_cpt_category","embeddable":true,"href":"https:\/\/luckyactivegames.com\/fr\/wp-json\/wp\/v2\/dipi_cpt_category?post=23946887"},{"taxonomy":"difl_page_category","embeddable":true,"href":"https:\/\/luckyactivegames.com\/fr\/wp-json\/wp\/v2\/difl_page_category?post=23946887"}],"curies":[{"name":"wp","href":"https:\/\/api.w.org\/{rel}","templated":true}]}}