{"id":23947852,"date":"2024-08-21T07:29:23","date_gmt":"2024-08-21T07:29:23","guid":{"rendered":"https:\/\/luckyactivegames.com\/about\/"},"modified":"2025-12-16T02:21:07","modified_gmt":"2025-12-16T02:21:07","slug":"about","status":"publish","type":"page","link":"https:\/\/luckyactivegames.com\/pt-pt\/about\/","title":{"rendered":"About"},"content":{"rendered":"<p>[et_pb_section fb_built=&#8221;1&#8243; _builder_version=&#8221;4.27.4&#8243; _module_preset=&#8221;default&#8221; background_color=&#8221;#606060&#8243; background_image=&#8221;http:\/\/luckyactivegames.com\/wp-content\/uploads\/2025\/06\/contact-ban\u65e0\u5b57.png&#8221; background_blend=&#8221;overlay&#8221; min_height=&#8221;450px&#8221; min_height_tablet=&#8221;423px&#8221; min_height_phone=&#8221;190px&#8221; min_height_last_edited=&#8221;on|phone&#8221; custom_padding=&#8221;||0px|||&#8221; background_last_edited=&#8221;on|phone&#8221; background_size_phone=&#8221;cover&#8221; global_colors_info=&#8221;{}&#8221;][et_pb_row custom_padding_last_edited=&#8221;on|phone&#8221; _builder_version=&#8221;4.27.0&#8243; _module_preset=&#8221;4fcafc99-9200-4fbd-a185-f8a0977c741b&#8221; custom_padding=&#8221;126px||0px|||&#8221; custom_padding_tablet=&#8221;126px||0px|||&#8221; custom_padding_phone=&#8221;16px||0px||false|false&#8221; global_colors_info=&#8221;{}&#8221;][et_pb_column type=&#8221;4_4&#8243; _builder_version=&#8221;4.27.0&#8243; _module_preset=&#8221;default&#8221; global_colors_info=&#8221;{}&#8221;][et_pb_heading title=&#8221;CONTACT US&#8221; _builder_version=&#8221;4.27.0&#8243; _module_preset=&#8221;9ea431a4-47e8-4320-a620-aa11b438f21e&#8221; title_text_color=&#8221;#FFFFFF&#8221; title_font_size=&#8221;65px&#8221; custom_margin_phone=&#8221;||0px||false|false&#8221; title_font_size_phone=&#8221;31px&#8221; title_text_shadow_style=&#8221;preset3&#8243; global_colors_info=&#8221;{}&#8221;][\/et_pb_heading][\/et_pb_column][\/et_pb_row][\/et_pb_section][et_pb_section fb_built=&#8221;1&#8243; custom_padding_last_edited=&#8221;on|phone&#8221; admin_label=&#8221;Contact&#8221; _builder_version=&#8221;4.27.2&#8243; _module_preset=&#8221;default&#8221; background_enable_color=&#8221;off&#8221; min_height=&#8221;201.4px&#8221; custom_padding=&#8221;45px||25px|||&#8221; custom_padding_tablet=&#8221;45px||25px|||&#8221; custom_padding_phone=&#8221;||0px||false|false&#8221; locked=&#8221;off&#8221; global_colors_info=&#8221;{%22gcid-b6c4f12c-f25d-4f61-9fb1-6e96404634cd%22:%91%22background_color%22%93}&#8221;][et_pb_row column_structure=&#8221;1_2,1_2&#8243; _builder_version=&#8221;4.27.4&#8243; _module_preset=&#8221;ac7304e7-d236-4b11-9bc8-5655d6d2f666&#8243; width_tablet=&#8221;95%&#8221; custom_margin=&#8221;15px|auto|18px|auto||&#8221; custom_padding=&#8221;12px|||||&#8221; global_colors_info=&#8221;{}&#8221;][et_pb_column type=&#8221;1_2&#8243; _builder_version=&#8221;4.25.2&#8243; _module_preset=&#8221;default&#8221; global_colors_info=&#8221;{}&#8221;][et_pb_heading title=&#8221;Sobre a Lucky Active Game&#8221; _builder_version=&#8221;4.27.4&#8243; _module_preset=&#8221;default&#8221; title_text_align=&#8221;center&#8221; custom_margin=&#8221;||19px|||&#8221; title_font_size_phone=&#8221;22px&#8221; global_colors_info=&#8221;{}&#8221;][\/et_pb_heading][et_pb_text _builder_version=&#8221;4.27.4&#8243; _module_preset=&#8221;default&#8221; text_font_size=&#8221;17px&#8221; custom_margin=&#8221;||2%||false|false&#8221; custom_margin_tablet=&#8221;||2%||false|false&#8221; custom_margin_phone=&#8221;||2%||false|false&#8221; custom_margin_last_edited=&#8221;on|desktop&#8221; text_font_size_phone=&#8221;17px&#8221; global_colors_info=&#8221;{}&#8221;]<\/p>\n<p style=\"text-align: left;\">A Lucky Active Game foi fundada em 2012 e atualmente opera tr\u00eas f\u00e1bricas. Somos especializados na produ\u00e7\u00e3o de jogos interativos e pisos de dan\u00e7a LED, sendo reconhecidos como um fabricante original l\u00edder na ind\u00fastria global de jogos interativos. Estamos comprometidos em fornecer produtos de alta qualidade, oferecendo servi\u00e7os gratuitos de conce\u00e7\u00e3o de layout e personaliza\u00e7\u00e3o com base nas necessidades espec\u00edficas do seu neg\u00f3cio.  <\/p>\n<p style=\"text-align: left;\">O nosso prazo padr\u00e3o de produ\u00e7\u00e3o \u00e9 de aproximadamente 7\u201310 dias. Para o envio, oferecemos op\u00e7\u00f5es log\u00edsticas flex\u00edveis, incluindo transporte ferrovi\u00e1rio e mar\u00edtimo. Participamos regularmente em feiras do setor e recebemos calorosamente os clientes para visitas \u00e0s nossas f\u00e1bricas para inspe\u00e7\u00f5es no local.  <\/p>\n<p style=\"text-align: left;\">[\/et_pb_text][et_pb_blurb title=&#8221;Email&#8221; use_icon=&#8221;on&#8221; font_icon=&#8221;&#xf658;||fa||900&#8243; _builder_version=&#8221;4.27.4&#8243; _module_preset=&#8221;be17044c-0df3-44e3-bbf6-73ad0464f4d9&#8243; header_level=&#8221;h3&#8243; header_font=&#8221;&#8211;et_global_heading_font||||||||&#8221; body_font_size=&#8221;16px&#8221; custom_margin=&#8221;9px||||false|false&#8221; custom_padding=&#8221;28px||||false|false&#8221; header_font_size_phone=&#8221;20px&#8221; global_colors_info=&#8221;{}&#8221;]<\/p>\n<p><span style=\"color: #000000;\">Kat:<\/span> <a href=\"mailto:sales1@luckydancefloor.com\">sales1@luckydancefloor.com<\/a><\/p>\n<p><span style=\"color: #000000;\">Kelly:<\/span><a href=\"mailto:support@luckydancefloor.com\"> support@luckydancefloor.com<\/a><\/p>\n<p><span style=\"color: #000000;\">Jane:<\/span> <a href=\"mailto:Jane@luckydancefloor.com\">Jane@luckydancefloor.com<\/a><\/p>\n<p>[\/et_pb_blurb][\/et_pb_column][et_pb_column type=&#8221;1_2&#8243; _builder_version=&#8221;4.27.4&#8243; _module_preset=&#8221;ca9f0790-bf35-4f0d-a228-1f1dd89fda1b&#8221; global_colors_info=&#8221;{}&#8221;][et_pb_video src=&#8221;https:\/\/youtu.be\/94VcnnkUR-0&#8243; _builder_version=&#8221;4.27.4&#8243; _module_preset=&#8221;default&#8221; width=&#8221;100%&#8221; module_alignment=&#8221;center&#8221; custom_margin=&#8221;||||false|false&#8221; custom_padding=&#8221;||||false|false&#8221; custom_padding_tablet=&#8221;||||false|false&#8221; custom_padding_phone=&#8221;||||false|false&#8221; custom_padding_last_edited=&#8221;on|phone&#8221; hover_enabled=&#8221;0&#8243; global_colors_info=&#8221;{}&#8221; sticky_enabled=&#8221;0&#8243;][\/et_pb_video][\/et_pb_column][\/et_pb_row][\/et_pb_section][et_pb_section fb_built=&#8221;1&#8243; custom_padding_last_edited=&#8221;on|phone&#8221; admin_label=&#8221;04&#8243; _builder_version=&#8221;4.27.4&#8243; _module_preset=&#8221;default&#8221; background_color=&#8221;#f4f4f4&#8243; custom_padding_tablet=&#8221;&#8221; custom_padding_phone=&#8221;||5%||false|false&#8221; collapsed=&#8221;on&#8221; global_colors_info=&#8221;{}&#8221;][et_pb_row _builder_version=&#8221;4.27.4&#8243; _module_preset=&#8221;default&#8221; width=&#8221;65%&#8221; module_alignment=&#8221;center&#8221; global_colors_info=&#8221;{}&#8221;][et_pb_column type=&#8221;4_4&#8243; _builder_version=&#8221;4.18.0&#8243; _module_preset=&#8221;default&#8221; global_colors_info=&#8221;{}&#8221;][et_pb_blurb title=&#8221;Produ\u00e7\u00e3o e Opera\u00e7\u00f5es Di\u00e1rias&#8221; content_tablet=&#8221;<\/p>\n<p style=%22text-align: center;%22><span style=%22color: #000000;%22>A transpar\u00eancia \u00e9 fundamental para a confian\u00e7a. Aqui est\u00e3o fotos reais da nossa equipa, oficinas, envios e visitas de parceiros de todo o mundo.  <\/span><\/p>\n<p>&#8221; content_phone=&#8221;<\/p>\n<p style=%22text-align: left;%22><span style=%22color: #000000;%22>A transpar\u00eancia \u00e9 fundamental para a confian\u00e7a. Aqui est\u00e3o fotos reais da nossa equipa, oficinas, envios e visitas de parceiros de todo o mundo.  <\/span><\/p>\n<p>&#8221; content_last_edited=&#8221;off|desktop&#8221; _builder_version=&#8221;4.27.4&#8243; _module_preset=&#8221;default&#8221; header_level=&#8221;h2&#8243; header_text_color=&#8221;#0a0a0a&#8221; header_font_size=&#8221;25px&#8221; header_line_height=&#8221;48px&#8221; body_text_align=&#8221;center&#8221; body_font_size=&#8221;20px&#8221; body_line_height=&#8221;28px&#8221; text_orientation=&#8221;center&#8221; module_alignment=&#8221;center&#8221; header_font_size_tablet=&#8221;34px&#8221; header_font_size_phone=&#8221;20px&#8221; header_font_size_last_edited=&#8221;on|tablet&#8221; header_line_height_tablet=&#8221;42px&#8221; header_line_height_phone=&#8221;36px&#8221; header_line_height_last_edited=&#8221;on|tablet&#8221; body_font_size_tablet=&#8221;17px&#8221; body_font_size_phone=&#8221;16px&#8221; body_font_size_last_edited=&#8221;on|tablet&#8221; body_line_height_tablet=&#8221;27px&#8221; body_line_height_phone=&#8221;26px&#8221; body_line_height_last_edited=&#8221;on|tablet&#8221; locked=&#8221;off&#8221; global_colors_info=&#8221;{}&#8221;]<\/p>\n<p style=\"text-align: center;\"><span style=\"color: #000000;\">A transpar\u00eancia \u00e9 fundamental para a confian\u00e7a. Aqui est\u00e3o fotos reais da nossa equipa, oficinas, envios e visitas de parceiros de todo o mundo.  <\/span><\/p>\n<p>[\/et_pb_blurb][difl_imagecarousel item_mobile=&#8221;2&#8243; item_spacing=&#8221;50px&#8221; loop=&#8221;on&#8221; autoplay=&#8221;on&#8221; pause_hover=&#8221;on&#8221; dots=&#8221;on&#8221; arrow_prev_margin_phone=&#8221;||10px||false|false&#8221; arrow_prev_margin_last_edited=&#8221;off|desktop&#8221; arrow_prev_padding_phone=&#8221;||3px||false|false&#8221; arrow_prev_padding_last_edited=&#8221;off|desktop&#8221; arrow_next_padding_tablet=&#8221;0px|0px|3px|0px|false|false&#8221; arrow_next_padding_phone=&#8221;0px|0px|3px|0px|false|false&#8221; arrow_next_padding_last_edited=&#8221;off|desktop&#8221; dots_color=&#8221;#949494&#8243; active_dots_color=&#8221;#1A1A1A&#8221; wrapper_padding=&#8221;||24px||false|false&#8221; item_spacing_tablet=&#8221;&#8221; item_spacing_phone=&#8221;15px&#8221; item_spacing_last_edited=&#8221;on|phone&#8221; arrow_position_phone=&#8221;top&#8221; arrow_position_last_edited=&#8221;off|desktop&#8221; arrow_align_phone=&#8221;center&#8221; arrow_align_last_edited=&#8221;off|desktop&#8221; _builder_version=&#8221;4.27.4&#8243; _module_preset=&#8221;default&#8221; border_radii=&#8221;on|5px|5px|5px|5px&#8221; box_shadow_style=&#8221;preset1&#8243; box_shadow_color=&#8221;rgba(0,0,0,0.21)&#8221; locked=&#8221;off&#8221; global_colors_info=&#8221;{}&#8221; arrow_prev_margin__hover_enabled=&#8221;off|desktop&#8221; arrow_prev_margin__hover=&#8221;|||-60px|false|false&#8221; arrow_next_margin__hover_enabled=&#8221;off|desktop&#8221; arrow_next_margin__hover=&#8221;|-60px|||false|false&#8221; arrow_opacity__hover_enabled=&#8221;off|desktop&#8221; arrow_opacity__hover=&#8221;1&#8243;][difl_imagecarouselitem image=&#8221;http:\/\/luckyactivegames.com\/wp-content\/uploads\/2025\/06\/Production-Daily-Operations-4.jpg&#8221; alt_text=&#8221;Trabalhadores a montar o ecr\u00e3 de vidro temperado para o Mega Grid&#8221; ic_button_button_url_new_window=&#8221;1&#8243; _builder_version=&#8221;4.27.4&#8243; _module_preset=&#8221;default&#8221; global_colors_info=&#8221;{}&#8221;][\/difl_imagecarouselitem][difl_imagecarouselitem image=&#8221;http:\/\/luckyactivegames.com\/wp-content\/uploads\/2025\/06\/Production-Daily-Operations-8-scaled.jpg&#8221; alt_text=&#8221;Dispositivo Mega Grid operado por moedas&#8221; ic_button_button_url_new_window=&#8221;1&#8243; _builder_version=&#8221;4.27.4&#8243; _module_preset=&#8221;default&#8221; global_colors_info=&#8221;{}&#8221;][\/difl_imagecarouselitem][difl_imagecarouselitem image=&#8221;http:\/\/luckyactivegames.com\/wp-content\/uploads\/2025\/06\/Production-Daily-Operations-2.jpg&#8221; alt_text=&#8221;Local de embalagem e expedi\u00e7\u00e3o da f\u00e1brica Lucky Active Games&#8221; ic_button_button_url_new_window=&#8221;1&#8243; _builder_version=&#8221;4.27.4&#8243; _module_preset=&#8221;default&#8221; global_colors_info=&#8221;{}&#8221;][\/difl_imagecarouselitem][difl_imagecarouselitem admin_label=&#8221;4&#8243; image=&#8221;http:\/\/luckyactivegames.com\/wp-content\/uploads\/2025\/06\/Production-Daily-Operations-5.jpg&#8221; alt_text=&#8221;Trabalhadores a montar o Mega Grid na oficina&#8221; ic_button_button_url_new_window=&#8221;1&#8243; _builder_version=&#8221;4.27.4&#8243; _module_preset=&#8221;default&#8221; global_colors_info=&#8221;{}&#8221;][\/difl_imagecarouselitem][difl_imagecarouselitem admin_label=&#8221;8&#8243; image=&#8221;http:\/\/luckyactivegames.com\/wp-content\/uploads\/2025\/06\/Production-Daily-Operations-10-scaled.jpg&#8221; alt_text=&#8221;Participa\u00e7\u00e3o em exposi\u00e7\u00e3o de ilumina\u00e7\u00e3o LED para montar o piso de dan\u00e7a LED&#8221; ic_button_button_url_new_window=&#8221;1&#8243; _builder_version=&#8221;4.27.4&#8243; _module_preset=&#8221;default&#8221; global_colors_info=&#8221;{}&#8221;][\/difl_imagecarouselitem][difl_imagecarouselitem image=&#8221;http:\/\/luckyactivegames.com\/wp-content\/uploads\/2025\/06\/Production-Daily-Operations-3.jpg&#8221; alt_text=&#8221;Clientes visitaram a f\u00e1brica para conhecer o showroom, e a equipa apresentou o piso de dan\u00e7a LED&#8221; ic_button_button_url_new_window=&#8221;1&#8243; _builder_version=&#8221;4.27.4&#8243; _module_preset=&#8221;default&#8221; global_colors_info=&#8221;{}&#8221;][\/difl_imagecarouselitem][difl_imagecarouselitem image=&#8221;http:\/\/luckyactivegames.com\/wp-content\/uploads\/2025\/06\/Production-Daily-Operations-6.jpg&#8221; alt_text=&#8221;4 estilos diferentes de piso de dan\u00e7a LED com encaixe modular&#8221; ic_button_button_url_new_window=&#8221;1&#8243; _builder_version=&#8221;4.27.4&#8243; _module_preset=&#8221;default&#8221; global_colors_info=&#8221;{}&#8221;][\/difl_imagecarouselitem][difl_imagecarouselitem image=&#8221;http:\/\/luckyactivegames.com\/wp-content\/uploads\/2025\/06\/Production-Daily-Operations-9-scaled.jpg&#8221; alt_text=&#8221;Clientes visitam a f\u00e1brica para confirmar o plano de compra da encomenda&#8221; ic_button_button_url_new_window=&#8221;1&#8243; _builder_version=&#8221;4.27.4&#8243; _module_preset=&#8221;default&#8221; global_colors_info=&#8221;{}&#8221;][\/difl_imagecarouselitem][difl_imagecarouselitem image=&#8221;http:\/\/luckyactivegames.com\/wp-content\/uploads\/2025\/06\/Production-Daily-Operations-11-scaled.jpg&#8221; alt_text=&#8221;SUV demonstra a sua excelente capacidade de carga sobre o piso de dan\u00e7a LED&#8221; ic_button_button_url_new_window=&#8221;1&#8243; _builder_version=&#8221;4.27.4&#8243; _module_preset=&#8221;default&#8221; global_colors_info=&#8221;{}&#8221;][\/difl_imagecarouselitem][difl_imagecarouselitem image=&#8221;http:\/\/luckyactivegames.com\/wp-content\/uploads\/2025\/06\/Production-Daily-Operations-12.jpg&#8221; alt_text=&#8221;Teste em oficina do equipamento de jogo Pipe Ball&#8221; ic_button_button_url_new_window=&#8221;1&#8243; _builder_version=&#8221;4.27.4&#8243; _module_preset=&#8221;default&#8221; global_colors_info=&#8221;{}&#8221;][\/difl_imagecarouselitem][difl_imagecarouselitem admin_label=&#8221;10&#8243; image=&#8221;http:\/\/luckyactivegames.com\/wp-content\/uploads\/2025\/06\/Production-Daily-Operations-1.jpg&#8221; alt_text=&#8221;Trabalhadores a embalar o piso de dan\u00e7a LED para envio&#8221; ic_button_button_url_new_window=&#8221;1&#8243; _builder_version=&#8221;4.27.4&#8243; _module_preset=&#8221;default&#8221; global_colors_info=&#8221;{}&#8221;][\/difl_imagecarouselitem][difl_imagecarouselitem image=&#8221;http:\/\/luckyactivegames.com\/wp-content\/uploads\/2025\/06\/Production-Daily-Operations-13.jpg&#8221; alt_text=&#8221;Jogo de tiro a laser combinado com piso de dan\u00e7a LED&#8221; ic_button_button_url_new_window=&#8221;1&#8243; _builder_version=&#8221;4.27.4&#8243; _module_preset=&#8221;default&#8221; global_colors_info=&#8221;{}&#8221;][\/difl_imagecarouselitem][\/difl_imagecarousel][\/et_pb_column][\/et_pb_row][\/et_pb_section][et_pb_section fb_built=&#8221;1&#8243; _builder_version=&#8221;4.27.4&#8243; _module_preset=&#8221;default&#8221; background_color=&#8221;#ffffff&#8221; global_colors_info=&#8221;{}&#8221;][et_pb_row _builder_version=&#8221;4.27.4&#8243; _module_preset=&#8221;default&#8221; global_colors_info=&#8221;{}&#8221;][et_pb_column type=&#8221;4_4&#8243; _builder_version=&#8221;4.27.4&#8243; _module_preset=&#8221;default&#8221; global_colors_info=&#8221;{}&#8221;][et_pb_code _builder_version=&#8221;4.27.4&#8243; _module_preset=&#8221;default&#8221; text_orientation=&#8221;center&#8221; module_alignment=&#8221;center&#8221; global_colors_info=&#8221;{}&#8221;]<iframe src=\"https:\/\/www.google.com\/maps\/embed?pb=!1m18!1m12!1m3!1d3085.272292848118!2d113.21717060923059!3d23.132660468748693!2m3!1f0!2f0!3f0!3m2!1i1024!2i768!4f13.1!3m3!1m2!1s0x3402f840d934610b%3A0x1f77979db6f7487e!2z5bm_5Lic5YWJ55S156eR5oqA5Lqn5Lia5Z-65ZywM0Hlj7fmpbw!5e0!3m2!1szh-CN!2sde!4v1724079158398!5m2!1szh-CN!2sde\" width=\"1500\" height=\"600\" style=\"border:0;\" allowfullscreen=\"\" loading=\"lazy\" referrerpolicy=\"no-referrer-when-downgrade\"><\/iframe>[\/et_pb_code][\/et_pb_column][\/et_pb_row][\/et_pb_section]<\/p>\n","protected":false},"excerpt":{"rendered":"<p>A Lucky Active Game foi fundada em 2012 e atualmente opera tr\u00eas f\u00e1bricas. Somos especializados na produ\u00e7\u00e3o de jogos interativos e pisos de dan\u00e7a LED, sendo reconhecidos como um fabricante original l\u00edder na ind\u00fastria global de jogos interativos. Estamos comprometidos em fornecer produtos de alta qualidade, oferecendo servi\u00e7os gratuitos de conce\u00e7\u00e3o de layout e personaliza\u00e7\u00e3o [&hellip;]<\/p>\n","protected":false},"author":1,"featured_media":0,"parent":0,"menu_order":0,"comment_status":"closed","ping_status":"closed","template":"","meta":{"_et_pb_use_builder":"on","_et_pb_old_content":"","_et_gb_content_width":"","footnotes":""},"dipi_cpt_category":[],"difl_page_category":[],"class_list":["post-23947852","page","type-page","status-publish","hentry"],"_links":{"self":[{"href":"https:\/\/luckyactivegames.com\/pt-pt\/wp-json\/wp\/v2\/pages\/23947852","targetHints":{"allow":["GET"]}}],"collection":[{"href":"https:\/\/luckyactivegames.com\/pt-pt\/wp-json\/wp\/v2\/pages"}],"about":[{"href":"https:\/\/luckyactivegames.com\/pt-pt\/wp-json\/wp\/v2\/types\/page"}],"author":[{"embeddable":true,"href":"https:\/\/luckyactivegames.com\/pt-pt\/wp-json\/wp\/v2\/users\/1"}],"replies":[{"embeddable":true,"href":"https:\/\/luckyactivegames.com\/pt-pt\/wp-json\/wp\/v2\/comments?post=23947852"}],"version-history":[{"count":16,"href":"https:\/\/luckyactivegames.com\/pt-pt\/wp-json\/wp\/v2\/pages\/23947852\/revisions"}],"predecessor-version":[{"id":23949547,"href":"https:\/\/luckyactivegames.com\/pt-pt\/wp-json\/wp\/v2\/pages\/23947852\/revisions\/23949547"}],"wp:attachment":[{"href":"https:\/\/luckyactivegames.com\/pt-pt\/wp-json\/wp\/v2\/media?parent=23947852"}],"wp:term":[{"taxonomy":"dipi_cpt_category","embeddable":true,"href":"https:\/\/luckyactivegames.com\/pt-pt\/wp-json\/wp\/v2\/dipi_cpt_category?post=23947852"},{"taxonomy":"difl_page_category","embeddable":true,"href":"https:\/\/luckyactivegames.com\/pt-pt\/wp-json\/wp\/v2\/difl_page_category?post=23947852"}],"curies":[{"name":"wp","href":"https:\/\/api.w.org\/{rel}","templated":true}]}}